{"id":1282,"date":"2012-09-05T16:13:30","date_gmt":"2012-09-05T14:13:30","guid":{"rendered":"http:\/\/yucelaydemir.de\/?page_id=1282"},"modified":"2014-04-02T17:34:35","modified_gmt":"2014-04-02T15:34:35","slug":"kanser-oldurmek-icin-degil-yasatmak-icindir","status":"publish","type":"page","link":"https:\/\/yucelaydemir.com\/?page_id=1282","title":{"rendered":"Kanser \u00f6ld\u00fcrmek i\u00e7in de\u011fil ya\u015fatmak i\u00e7indir"},"content":{"rendered":"<h3><img fetchpriority=\"high\" decoding=\"async\" style=\"margin-right: 10px;\" alt=\"\" src=\"http:\/\/yucelaydemir.de\/wp-content\/uploads\/image\/2-3-2.jpg\" width=\"300\" height=\"426\" align=\"left\" \/><\/h3>\n<p class=\"MsoNormal\">Her ne kadar do\u011fadaki b\u00fct\u00fcn canl\u0131lar \u00f6lse de, b\u00fct\u00fcn canl\u0131lar \u00f6l\u00fcm\u00fc geciktirebilmek i\u00e7in \u00e7ok \u00e7e\u015fitli mekanizmalar geli\u015ftirmi\u015flerdir. Bunu en g\u00fczel a\u00e7\u0131klayan s\u00f6z, k\u00f6\u015feye s\u0131k\u0131\u015fan kedi aslan kesilir s\u00f6z\u00fcd\u00fcr. Burada ilgin\u00e7 olan kedinin aslan olup olmamas\u0131 de\u011fil, ya\u015fam\u0131 koruyabilmek i\u00e7in kedinin aslan kesilebilece\u011fidir. Bu s\u00f6z bize canl\u0131lar\u0131n ya\u015fam\u0131 uzatabilmek i\u00e7in neler yapabilece\u011fini g\u00f6sterir.<\/p>\n<p class=\"MsoNormal\">Canl\u0131lar bu korumac\u0131l\u0131\u011f\u0131 sadece d\u0131\u015fardaki davran\u0131\u015flar\u0131nda de\u011fil ayn\u0131 zamanda kendi v\u00fccutlar\u0131nda da becerirler. \u0130\u015fte kanser bu \u00e7abalardan en sonuncusu ve en zorlu olan\u0131d\u0131r.<span style=\"mso-spacerun: yes;\">\u00a0 <\/span>V\u00fcz\u00fcdun en d\u00fc\u015f\u00fck enerji d\u00fczeyin erken gelen \u00f6l\u00fcme kar\u015f\u0131 buldu\u011fu bu \u00e7\u00f6z\u00fcm\u00fc, herkes bir hastal\u0131km\u0131\u015f gibi g\u00f6r\u00fcp ne yaz\u0131k ki en zehirli ila\u00e7larla sald\u0131r\u0131l\u0131r. B\u00fct\u00fcn bu zehirli tedavilerle v\u00fccudun \u00f6lmekten ba\u015fka \u015fans\u0131 kalmaz. B\u00fct\u00fcn bu zehirlere ra\u011fmen \u00f6lmeyenlere helal olsun. \u0130\u015fte onun ad\u0131n\u0131 da biz seni kanserden kurtard\u0131k olur.<\/p>\n<p class=\"MsoNormal\">\u00a0\u0130slamiyet bize k\u0131z \u00e7ocuklar\u0131n\u0131n diri diri topra\u011fa g\u00f6m\u00fcld\u00fc\u011f\u00fcn\u00fc anlat\u0131r. Bug\u00fcn biz bu olay\u0131 birer vah\u015fet olarak g\u00f6r\u00fcr\u00fcz. Ancak biz bunu bug\u00fcn g\u00f6rebiliriz. O zaman\u0131n insan\u0131 bu vah\u015feti ne yaz\u0131k ki severek ve isteyerek yapm\u0131\u015flard\u0131r. E\u011fer insano\u011flu biraz ak\u0131llan\u0131r da bug\u00fcnk\u00fc kemo terapilerle yap\u0131lan cinayetleri sorgulayabilirse, yar\u0131n bizim \u00e7oxuklar\u0131m\u0131z da \u201catalar\u0131m\u0131z ne b\u00fcy\u00fck bir vah\u015fet i\u00e7erisinde ya\u015fam\u0131\u015flar. Hem de vah\u015fet i\u00e7erisinde \u00f6lebilmek i\u00e7in servetlerini harcam\u0131\u015flar\u201c diyeceklerdir. Tabi o zaman da \u015fimdi de oldu\u011fu gibi kimileri yalan diyecek kimileri do\u011fru diyecek. Her ne kadar i\u015fin boyutunu bug\u00fcn bilmesek de, bildi\u011fimiz bir do\u011fru var ki o da, o da s\u00f6z\u00fcm ona bilimin e\u015fli\u011finde ila\u00e7larla tedavilerle dayan\u0131lmaz ac\u0131larla \u00f6ld\u00fc\u011f\u00fcm\u00fczd\u00fcr. \u00d6l\u00fc\u015f\u00fcm\u00fcz\u00fcn neden oldu\u011funu da ancak bunun bilincine vard\u0131\u011f\u0131m\u0131z zaman anlayaca\u011f\u0131z.<\/p>\n<p class=\"MsoNormal\">Umar\u0131z bu gaflet \u00e7ok uzun s\u00fcrmez. Kanser bir hastal\u0131k de\u011fildir. Kanser geneti\u011fi bozulan h\u00fccreler hi\u00e7 de\u011fildir. Bizi \u00f6ld\u00fcren kanser de\u011fil kanser tedavileridir. Kanser sadece kuruma ve v\u00fccut suyunun kirlenmesidir. Kuruyan her canl\u0131 \u00f6l\u00fcr. \u0130\u015fte kanserin sebebini anlatan ve \u00e7\u00f6z\u00fcm\u00fcn\u00fc sunan ve d\u011fnyan\u0131n \u00e7ehresini de\u011fi\u015ftirecek kitab\u0131m\u0131z yay\u0131na haz\u0131rd\u0131r. B\u00fct\u00fcn okurlar\u0131m\u0131zdan bu gafletin bir an \u00f6nce bitmesi i\u00e7in deste\u011fini bekliyoruz.<\/p>\n<p class=\"MsoNormal\">Kitab\u0131m\u0131z bask\u0131ya haz\u0131r haldedir. Sadece bask\u0131 i\u00e7in sponsor beklemekteyiz. Sponsorluk yapabilecek herkese \u015fimdiden te\u015fek\u00fcr ederiz.<\/p>\n<table style=\"width: 400px;\" width=\"450\" border=\"0\" cellspacing=\"1\" cellpadding=\"1\" align=\"left\">\n<tbody>\n<tr>\n<td><\/td>\n<td style=\"text-align: right;\"><img decoding=\"async\" alt=\"\" src=\"http:\/\/yucelaydemir.de\/wp-content\/uploads\/image\/2-3-1.jpg\" width=\"251\" height=\"376\" \/><\/td>\n<\/tr>\n<\/tbody>\n<\/table>\n<p>&nbsp;<\/p>\n<p>&nbsp;<\/p>\n<p>&nbsp;<\/p>\n<p>&nbsp;<\/p>\n<p>Y\u00fccel Aydemir<\/p>\n<p>&nbsp;<\/p>\n<p>&nbsp;<\/p>\n<p><em><br \/>\n<\/em><\/p>\n","protected":false},"excerpt":{"rendered":"<p>Her ne kadar do\u011fadaki b\u00fct\u00fcn canl\u0131lar \u00f6lse de, b\u00fct\u00fcn canl\u0131lar \u00f6l\u00fcm\u00fc geciktirebilmek i\u00e7in \u00e7ok \u00e7e\u015fitli mekanizmalar geli\u015ftirmi\u015flerdir. Bunu en g\u00fczel a\u00e7\u0131klayan s\u00f6z, k\u00f6\u015feye s\u0131k\u0131\u015fan kedi aslan kesilir s\u00f6z\u00fcd\u00fcr. Burada ilgin\u00e7 olan kedinin aslan olup olmamas\u0131 de\u011fil, ya\u015fam\u0131 koruyabilmek i\u00e7in kedinin aslan kesilebilece\u011fidir. Bu s\u00f6z bize canl\u0131lar\u0131n ya\u015fam\u0131 uzatabilmek i\u00e7in neler yapabilece\u011fini g\u00f6sterir. Canl\u0131lar bu korumac\u0131l\u0131\u011f\u0131 [&hellip;]<\/p>\n","protected":false},"author":1,"featured_media":0,"parent":0,"menu_order":0,"comment_status":"open","ping_status":"open","template":"","meta":{"footnotes":""},"class_list":["post-1282","page","type-page","status-publish","hentry"],"jetpack_sharing_enabled":true,"_links":{"self":[{"href":"https:\/\/yucelaydemir.com\/index.php?rest_route=\/wp\/v2\/pages\/1282","targetHints":{"allow":["GET"]}}],"collection":[{"href":"https:\/\/yucelaydemir.com\/index.php?rest_route=\/wp\/v2\/pages"}],"about":[{"href":"https:\/\/yucelaydemir.com\/index.php?rest_route=\/wp\/v2\/types\/page"}],"author":[{"embeddable":true,"href":"https:\/\/yucelaydemir.com\/index.php?rest_route=\/wp\/v2\/users\/1"}],"replies":[{"embeddable":true,"href":"https:\/\/yucelaydemir.com\/index.php?rest_route=%2Fwp%2Fv2%2Fcomments&post=1282"}],"version-history":[{"count":17,"href":"https:\/\/yucelaydemir.com\/index.php?rest_route=\/wp\/v2\/pages\/1282\/revisions"}],"predecessor-version":[{"id":1984,"href":"https:\/\/yucelaydemir.com\/index.php?rest_route=\/wp\/v2\/pages\/1282\/revisions\/1984"}],"wp:attachment":[{"href":"https:\/\/yucelaydemir.com\/index.php?rest_route=%2Fwp%2Fv2%2Fmedia&parent=1282"}],"curies":[{"name":"wp","href":"https:\/\/api.w.org\/{rel}","templated":true}]}}