{"id":132,"date":"2011-12-03T09:28:44","date_gmt":"2011-12-03T08:28:44","guid":{"rendered":"http:\/\/yucelaydemir.de\/wp\/?page_id=132"},"modified":"2021-12-26T01:57:45","modified_gmt":"2021-12-25T22:57:45","slug":"okurdan","status":"publish","type":"page","link":"https:\/\/yucelaydemir.com\/?page_id=132","title":{"rendered":"R\u00f6p\u00f6rtaj"},"content":{"rendered":"\n<figure class=\"wp-block-embed is-type-video is-provider-youtube wp-block-embed-youtube wp-embed-aspect-4-3 wp-has-aspect-ratio\"><div class=\"wp-block-embed__wrapper\">\n<iframe title=\"Binnur S\u0327ahan &amp; Y\u00fccel Aydemir\" width=\"980\" height=\"735\" src=\"https:\/\/www.youtube.com\/embed\/NXwGsFKZZR8?start=2&#038;feature=oembed\" frameborder=\"0\" allow=\"accelerometer; autoplay; clipboard-write; encrypted-media; gyroscope; picture-in-picture; web-share\" referrerpolicy=\"strict-origin-when-cross-origin\" allowfullscreen><\/iframe>\n<\/div><\/figure>\n\n\n<p><!--:tr--><\/p>\n<p>\u00a0<\/p>\n<p><iframe title=\"Sevim G\u00fcrb\u00fcz\" width=\"980\" height=\"735\" src=\"https:\/\/www.youtube.com\/embed\/GyptHUB3XyE?feature=oembed\" frameborder=\"0\" allow=\"accelerometer; autoplay; clipboard-write; encrypted-media; gyroscope; picture-in-picture\" allowfullscreen><\/iframe><\/p>\n<p><iframe title=\"Himalaya tuzu d\u00fc\u015f\u00fck tans. di\u015f ve cilt Y. Aydemir &amp; \u0130. T\u00fcncay\" width=\"980\" height=\"551\" src=\"https:\/\/www.youtube.com\/embed\/12EjlUm9VRc?feature=oembed\" frameborder=\"0\" allow=\"accelerometer; autoplay; clipboard-write; encrypted-media; gyroscope; picture-in-picture; web-share\" referrerpolicy=\"strict-origin-when-cross-origin\" allowfullscreen><\/iframe><\/p>\n<p><iframe title=\"Himalaya tuzu faydalar\u0131 ve Kab\u0131zl\u0131k Y. Aydemir &amp; N. Arican\" width=\"980\" height=\"551\" src=\"https:\/\/www.youtube.com\/embed\/i_xPURg-Uh0?feature=oembed\" frameborder=\"0\" allow=\"accelerometer; autoplay; clipboard-write; encrypted-media; gyroscope; picture-in-picture; web-share\" referrerpolicy=\"strict-origin-when-cross-origin\" allowfullscreen><\/iframe><\/p>\n<p><iframe title=\"Himalaya tuzu ve OsteoporosY\u00fccel Aydemir &amp; Hatun Aydin\" width=\"980\" height=\"735\" src=\"https:\/\/www.youtube.com\/embed\/yMKywHEKg0s?feature=oembed\" frameborder=\"0\" allow=\"accelerometer; autoplay; clipboard-write; encrypted-media; gyroscope; picture-in-picture; web-share\" referrerpolicy=\"strict-origin-when-cross-origin\" allowfullscreen><\/iframe><\/p>\n\n\n<figure class=\"wp-block-embed is-type-video is-provider-youtube wp-block-embed-youtube wp-embed-aspect-4-3 wp-has-aspect-ratio\"><div class=\"wp-block-embed__wrapper\">\n<iframe title=\"Himalaya tuzu ve kemik a\u011fr\u0131lar\u0131 Y\u00fccel Aydemir &amp; H. H\u00e4gele\" width=\"980\" height=\"735\" src=\"https:\/\/www.youtube.com\/embed\/-bFVJPpiTbA?feature=oembed\" frameborder=\"0\" allow=\"accelerometer; autoplay; clipboard-write; encrypted-media; gyroscope; picture-in-picture; web-share\" referrerpolicy=\"strict-origin-when-cross-origin\" allowfullscreen><\/iframe>\n<\/div><\/figure>\n\n\n\n<figure class=\"wp-block-embed is-type-video is-provider-youtube wp-block-embed-youtube wp-embed-aspect-4-3 wp-has-aspect-ratio\"><div class=\"wp-block-embed__wrapper\">\n<iframe title=\"Beyin t\u00fcm\u00f6r\u00fc \u00fczerine\" width=\"980\" height=\"735\" src=\"https:\/\/www.youtube.com\/embed\/MwB3Ch96t6c?start=2&#038;feature=oembed\" frameborder=\"0\" allow=\"accelerometer; autoplay; clipboard-write; encrypted-media; gyroscope; picture-in-picture; web-share\" referrerpolicy=\"strict-origin-when-cross-origin\" allowfullscreen><\/iframe>\n<\/div><\/figure>\n\n\n\n<figure class=\"wp-block-embed is-type-video is-provider-youtube wp-block-embed-youtube wp-embed-aspect-16-9 wp-has-aspect-ratio\"><div class=\"wp-block-embed__wrapper\">\n<iframe title=\"Himalaya Tuzu Y\u00fccel Aydemir &amp; Osman Bildir\" width=\"980\" height=\"551\" src=\"https:\/\/www.youtube.com\/embed\/f37gvfLEmDQ?feature=oembed\" frameborder=\"0\" allow=\"accelerometer; autoplay; clipboard-write; encrypted-media; gyroscope; picture-in-picture; web-share\" referrerpolicy=\"strict-origin-when-cross-origin\" allowfullscreen><\/iframe>\n<\/div><\/figure>\n\n\n\n<figure class=\"wp-block-embed is-type-video is-provider-youtube wp-block-embed-youtube wp-embed-aspect-16-9 wp-has-aspect-ratio\"><div class=\"wp-block-embed__wrapper\">\n<iframe title=\"Himalaya Tuzu Y\u00fccel Aydemir &amp; Dr. Serpil Oktay\" width=\"980\" height=\"551\" src=\"https:\/\/www.youtube.com\/embed\/HJ1sTZrPnBI?feature=oembed\" frameborder=\"0\" allow=\"accelerometer; autoplay; clipboard-write; encrypted-media; gyroscope; picture-in-picture; web-share\" referrerpolicy=\"strict-origin-when-cross-origin\" allowfullscreen><\/iframe>\n<\/div><\/figure>\n\n\n\n<figure class=\"wp-block-embed is-type-video is-provider-youtube wp-block-embed-youtube wp-embed-aspect-16-9 wp-has-aspect-ratio\"><div class=\"wp-block-embed__wrapper\">\n<iframe title=\"Himalaya Tuzuelde Y\u00fccel Aydmir &amp; Dr. Serpil Oktay\" width=\"980\" height=\"551\" src=\"https:\/\/www.youtube.com\/embed\/8zMP_vUK6dY?feature=oembed\" frameborder=\"0\" allow=\"accelerometer; autoplay; clipboard-write; encrypted-media; gyroscope; picture-in-picture; web-share\" referrerpolicy=\"strict-origin-when-cross-origin\" allowfullscreen><\/iframe>\n<\/div><\/figure>\n\n\n\n<figure class=\"wp-block-embed is-type-video is-provider-youtube wp-block-embed-youtube wp-embed-aspect-4-3 wp-has-aspect-ratio\"><div class=\"wp-block-embed__wrapper\">\n<iframe title=\"Sevcan Serin Sarilik, Y\u00fcksek Tansiyon, kemik a\u011fr\u0131lar\u0131, mide\" width=\"980\" height=\"735\" src=\"https:\/\/www.youtube.com\/embed\/E3aB6IYWaxM?feature=oembed\" frameborder=\"0\" allow=\"accelerometer; autoplay; clipboard-write; encrypted-media; gyroscope; picture-in-picture; web-share\" referrerpolicy=\"strict-origin-when-cross-origin\" allowfullscreen><\/iframe>\n<\/div><\/figure>\n\n\n\n<figure class=\"wp-block-embed is-type-video is-provider-youtube wp-block-embed-youtube wp-embed-aspect-4-3 wp-has-aspect-ratio\"><div class=\"wp-block-embed__wrapper\">\n<iframe title=\"Hymalaya tuzu \u00fcserine Ellez \u00d6zt\u00fcrk\" width=\"980\" height=\"735\" src=\"https:\/\/www.youtube.com\/embed\/LTK--5enz_0?feature=oembed\" frameborder=\"0\" allow=\"accelerometer; autoplay; clipboard-write; encrypted-media; gyroscope; picture-in-picture; web-share\" referrerpolicy=\"strict-origin-when-cross-origin\" allowfullscreen><\/iframe>\n<\/div><\/figure>\n","protected":false},"excerpt":{"rendered":"<p>\u00a0<\/p>\n","protected":false},"author":1,"featured_media":0,"parent":0,"menu_order":5,"comment_status":"open","ping_status":"closed","template":"","meta":{"footnotes":""},"class_list":["post-132","page","type-page","status-publish","hentry"],"jetpack_sharing_enabled":true,"_links":{"self":[{"href":"https:\/\/yucelaydemir.com\/index.php?rest_route=\/wp\/v2\/pages\/132","targetHints":{"allow":["GET"]}}],"collection":[{"href":"https:\/\/yucelaydemir.com\/index.php?rest_route=\/wp\/v2\/pages"}],"about":[{"href":"https:\/\/yucelaydemir.com\/index.php?rest_route=\/wp\/v2\/types\/page"}],"author":[{"embeddable":true,"href":"https:\/\/yucelaydemir.com\/index.php?rest_route=\/wp\/v2\/users\/1"}],"replies":[{"embeddable":true,"href":"https:\/\/yucelaydemir.com\/index.php?rest_route=%2Fwp%2Fv2%2Fcomments&post=132"}],"version-history":[{"count":33,"href":"https:\/\/yucelaydemir.com\/index.php?rest_route=\/wp\/v2\/pages\/132\/revisions"}],"predecessor-version":[{"id":2317,"href":"https:\/\/yucelaydemir.com\/index.php?rest_route=\/wp\/v2\/pages\/132\/revisions\/2317"}],"wp:attachment":[{"href":"https:\/\/yucelaydemir.com\/index.php?rest_route=%2Fwp%2Fv2%2Fmedia&parent=132"}],"curies":[{"name":"wp","href":"https:\/\/api.w.org\/{rel}","templated":true}]}}