{"id":1709,"date":"2013-08-29T23:51:13","date_gmt":"2013-08-29T21:51:13","guid":{"rendered":"http:\/\/yucelaydemir.de\/?page_id=1709"},"modified":"2014-04-07T20:49:04","modified_gmt":"2014-04-07T18:49:04","slug":"sahtelerim","status":"publish","type":"page","link":"https:\/\/yucelaydemir.com\/?page_id=1709","title":{"rendered":"Sahtelerim"},"content":{"rendered":"<p>De\u011ferli M\u00fc\u015fteriler Sahte tuzlar\u0131 sizlere satmak i\u00e7in benden izinsiz ad\u0131m\u0131 kullanan, belgelerimi kullanan ve yaz\u0131lar\u0131m\u0131 ya kopya ederek ya da kitab\u0131m\u0131 sanki kendileri yaz\u0131yormu\u015f gibi yeniden form\u00fcle eden h\u0131rs\u0131zlar\u0131 bu sayfada te\u015fhir edece\u011fim. Tabiki bu ki\u015filer hakk\u0131nda ayr\u0131ca su\u00e7 duyurusunda da bulunuyoruz. Ancak adalet sisteminin \u00fclkemizde yava\u015f y\u00fcr\u00fcmesinden dolay\u0131, para h\u0131rs\u0131 bu insanlar\u0131n g\u00f6z\u00fcn\u00fc d\u00f6nderdi\u011fi i\u00e7in kolay kolay h\u0131rs\u0131zl\u0131klar\u0131n\u0131 b\u0131rakam\u0131yorlar.Bu sahtecilerden tutun da m\u00fc\u015fterilerine k\u00fcfredebilen karakterdeki bu doland\u0131r\u0131c\u0131lar\u0131 sitemde te\u015fhir edece\u011fim. <a href=\"http:\/\/yucelaydemir.de\/?page_id=1699\">M\u00fc\u015fterilerine k\u00fcfredenler.T\u00fcm\u00fcn\u00fc okumak i\u00e7in t\u0131kla<\/a> Bak\u0131n birileri kendini nas\u0131l temize \u00e7\u0131kar\u0131yor benim belgelerimle. Halbuki g\u00f6sterdi\u011fi belgeler bana ait ve bu sahtekarl\u0131\u011f\u0131ndan dolay\u0131 hakk\u0131nda su\u00e7 duyurusunda bulundum. A\u015fa\u011f\u0131daki yaz\u0131n\u0131n al\u0131nd\u0131\u011f\u0131 ad\u0131 adresi ve internet sites, t\u0131klay\u0131n ve belgeleri inceleyin. Proser \u00c7evre ve Halk Sa\u011fl\u0131\u011f\u0131 Hizmetleri Barbaros Bulvar\u0131 No:44\/7 Be\u015fikta\u015f \/ \u0130STANBUL Tel. : 0212 2751252 &#8211; Fax : 0212 2886929 <a href=\"http:\/\/www.enyakinmarket.com\/Himalaya-tuzu-belgelerimiz,DP-63.html\">http:\/\/www.enyakinmarket.com\/Himalaya-tuzu-belgelerimiz,DP-63.html<\/a><\/p>\n<p align=\"center\"><b>\u00d6NEML\u0130 UYARI : <\/b>Baz\u0131 uyan\u0131k giri\u015fimciler her \u015feyde oldu\u011fu gibi\u00a0 Himalaya Tuzu i\u00e7inde T\u00fcrkiye&#8217; den \u00e7\u0131kart\u0131lan Kaya Tuzlar\u0131n\u0131 Himalaya Tuzu diye pazarlamaktad\u0131rlar. Tar\u0131m Bakanl\u0131\u011f\u0131 Taraf\u0131ndan \u00dcretim izinli Tuz diye pazarlamaktad\u0131rlar.<\/p>\n<p align=\"center\">Orijinal Himalaya Tuzlar\u0131&#8217;n\u0131n Tar\u0131m Bakanl\u0131\u011f\u0131 \u00dcretim \u0130zni olmaz, \u0130thal izni olur.<\/p>\n<p align=\"center\">Sat\u0131\u015f\u0131n\u0131 Yapt\u0131\u011f\u0131m\u0131z Himalaya Tuzlar\u0131 Tar\u0131m Bakanl\u0131\u011f\u0131nca G\u0131da Mevzuat\u0131na Uygun olarak \u0130thal izin belgelidir.<\/p>\n<p align=\"center\">(Sitesine koydu\u011fu belgelerin ise hepsi Ya\u015fam\u0131n Gizemine ait ve ya\u015fam\u0131n gizemi bu \u015fahsa b\u00f6yle birizni vermemi\u015ftir. Satt\u0131\u011f\u0131 t\u0131zlar ise bana ait de\u011fildir. Y\u00fccel Aydemir )<\/p>\n<p align=\"center\">Benim yaz\u0131lar\u0131m\u0131 ve SALUS himalaya tuzunu sahte \u00fcretip satan siteler. Bunlar\u0131n satt\u0131\u011f\u0131 SALUS bana ait de\u011fildir.<\/p>\n<p align=\"center\"><a href=\"http:\/\/www.himalayatuzu.org\/\" target=\"_blank\" rel=\"nofollow nofollow\">www.himalayatuzu.org<\/a><\/p>\n<p align=\"center\"><a href=\"http:\/\/www.himalayakristli.com\/\" target=\"_blank\" rel=\"nofollow nofollow\">www.himalayakristli.com<\/a><\/p>\n<p align=\"center\"><a href=\"http:\/\/www.himalayanmiracle.com\/\" target=\"_blank\" rel=\"nofollow nofollow\">www.himalayanmiracle.com<\/a><\/p>\n<p align=\"center\"><a href=\"http:\/\/www.himalayatuzodasi.com\/\" target=\"_blank\" rel=\"nofollow nofollow\">www.himalayatuzodasi.com<\/a><\/p>\n<p align=\"center\"><a href=\"http:\/\/www.sihirlius.com\/\" target=\"_blank\" rel=\"nofollow nofollow\">www.sihirlius.com<\/a><\/p>\n<p>Bu sitelerin sahipleri Ya\u015fam\u0131n Gizemi \u015firketinin eski M\u00fcd\u00fcr\u00fc onun e\u015fi ve bald\u0131z\u0131 taraf\u0131ndan i\u015fletilmektedir.\u00a0 Savc\u0131l\u0131\u011f\u0131n verdi\u011fi talimat \u00fczerine\u00a0\u0130stanbul \u0130l Tar\u0131m M\u00fcd\u00fcrl\u00fc\u011f\u00fcn\u00fcn yapt\u0131\u011f\u0131 ara\u015ft\u0131rman\u0131n sonucunu \u015f\u00f6yle bildirmi\u015ftir. &#8220;\u0130l M\u00fcd\u00fcrl\u00fc\u011f\u00fcm\u00fcz kontrol g\u00f6revlilerince 31.07.2013 tarihinde F\u0131nd\u0131kl\u0131 Mah. Hanc\u0131o\u011flu Cad. No:57 Maltepe\/\u0130STANBUL adresinde faaliyet g\u00f6steren Himalaya Kristali Sa\u011fl\u0131k G\u0131da \u0130\u00e7 ve D\u0131\u015f Tic. Ltd. \u015eti. \u00fcnvanl\u0131 i\u015fyerinde yap\u0131lan kontrol ve denetim sonucunda i\u015fyerinin Bakanl\u0131\u011f\u0131m\u0131zdan 29.08.2012 tarih ve 12098 say\u0131l\u0131 uygunluk raporu ile ithal edilmi\u015f 2000 kg \u201cG\u0131da Sanayi Tuzu\u201d ile 04.01.2013 tarih ve 202296 say\u0131l\u0131 uygunluk raporu ile ithal edilmi\u015f 12000 kg \u201cG\u0131da Sanayi Tuzu\u201dnu \u201cSofra Tuzu\u201d, \u201cSofrada \u00d6\u011f\u00fctme Tuzu\u201d ve \u201c\u0130ri Salamura Tuzu\u201d olarak paketlettirerek sat\u0131\u015fa sundu\u011fu tespit edilmi\u015f olup s\u00f6z konusu i\u015fyeri hakk\u0131nda mevzuat kapsam\u0131nda yasal i\u015flem ba\u015flat\u0131lm\u0131\u015ft\u0131r.&#8221; H\u0131rs\u0131z cezaland\u0131r\u0131lmad\u0131\u011f\u0131 s\u00fcrece \u00e7almaya doymazm\u0131\u015f. Bak\u0131n FAceebook sayfalar\u0131nda bu insanlar nas\u0131l kitab\u0131m\u0131 \u00e7almaya devam ediyorlar. A\u015fa\u011f\u0131daki yaz\u0131 \u015fu internet sayfas\u0131ndan al\u0131nm\u0131\u015ft\u0131r. <a href=\"https:\/\/www.facebook.com\/Himalayatuzu?fref=ts\"> https:\/\/www.facebook.com\/Himalayatuzu?fref=ts<\/a> Bu yaz\u0131n\u0131n \u00e7al\u0131nd\u0131\u011f\u0131 kitap ise Ya\u015fam\u0131n Gizemi Su ve Tuz, Y\u00fccel Aydemir. \u0130nan\u0131n ki art\u0131k kitab\u0131m\u0131 h\u0131rs\u0131zlayanlar\u0131 imrenmeye ba\u015flad\u0131m. O kadar g\u00fczel \u00e7al\u0131yorlar ki! D\u00fcn bira garsonlu\u011fu yapanlar, televizyon yap\u0131mc\u0131l\u0131\u011f\u0131 ad\u0131 alt\u0131nda \u00e7\u00f6p\u00e7atanl\u0131k yapanlar\u00a0 ya da ha\u015fare ila\u00e7layanlar (ad\u0131na da modern bir ad koyarak \u00c7evre ve Halk Sa\u011fl\u0131\u011f\u0131 Hizmetleri) \u015fimdi hepsi birden kitab\u0131m\u0131 ezberleyerek\u00a0 tuz uzman\u0131 kesildiler. Para sen nelere kadirsin. Kitab\u0131m\u0131 ne yaman ezberlemi\u015fler. \u00c7al\u0131nt\u0131 yaz\u0131 &#8220;Ka\u00e7 \u00e7e\u015fit tuz vard\u0131r? Tuzu, do\u011fal tuz ve rafine edilmi\u015f sofra tuzu olarak \u00f6nce ikiye ay\u0131rmak gerekir. Ger\u00e7i do\u011fal tuzlar da insan sa\u011fl\u0131\u011f\u0131 a\u00e7\u0131s\u0131ndan, mineral bile\u015fimi ve olu\u015fum s\u00fcreci a\u00e7\u0131s\u0131ndan iki kategoride incelemek m\u00fcmk\u00fcn. Ancak \u00f6nce temel belirleyici olan tuzun do\u011fal m\u0131 yoksa rafine mi edilmi\u015f oldu\u011funu ay\u0131rt etmemiz gerekir. \u00c7\u00fcnk\u00fc bize sofra tuzu diye belletilen bir tuz de\u011fil saf sodyum klor\u00fcrd\u00fcr. Ve saf sodyum klor\u00fcr de v\u00fccut i\u00e7in olduk\u00e7a agresif bir maddedir. \u0130\u015fte bu nedenle herkes tuzdan uzak durun der. Bize aman tuzdan ka\u00e7\u0131n\u0131n derken, ger\u00e7ek tuzun ne oldu\u011funu bildiklerinden de\u011fil, sadece rafine edilmi\u015f tuzun zararl\u0131 etkilerini bildiklerinden s\u00f6ylerler. Bu temel ay\u0131rt edici \u00f6zelliklere g\u00f6re tuzu \u015f\u00f6yle s\u0131ralayabiliriz; 1. Do\u011fal tuz a. Deniz tuzu b. Kaya tuzu c. Kristal tuz 2. Rafine edilmi\u015f sofra tuzu (saf Sodyum klor\u00fcr) 1. Do\u011fal tuz a. Deniz tuzu: Deniz tuzu \u00f6zellikle deniz kenarlar\u0131nda yap\u0131lan g\u00f6letlerde, deniz suyunun kurutulmas\u0131 sonucu elde edilir. Ancak bug\u00fcn denizlerin sanayi art\u0131klar\u0131yla kirlenmesinden dolay\u0131, denizden elde edilen tuzlar da rafine edilmektedir. Bu sebepten, rafine edildikten sora, tuzun kayna\u011f\u0131 nereden olursa olsun, hi\u00e7bir anlam\u0131 ve \u00f6zelli\u011fi kalmamaktad\u0131r. Rafine edilmi\u015f tuzun kayna\u011f\u0131 ne olursa olsun, canl\u0131 i\u00e7in bir zehirdir. b.Kaya tuzu: Kaya tuzu eski denizlerin kurumas\u0131 sonucu olu\u015fmu\u015ftur. Mineral bile\u015fimi a\u00e7\u0131s\u0131ndan, olu\u015ftu\u011fu denizin mineral bile\u015fimini ta\u015f\u0131r. Kaya tuzu milyonlarca y\u0131l ya\u015f\u0131nda oldu\u011fu i\u00e7in hi\u00e7bir \u00e7evre kirlenmesinin etkisi yoktur. c. Kristal tuz: D\u00fcnyan\u0131n \u00e7e\u015fitli b\u00f6lgelerinde milyonlarca y\u0131l y\u00fcksek bas\u0131n\u00e7 alt\u0131nda kalan kaya tuzlar\u0131 kristalle\u015firler. Kristal tuzlar\u0131n\u0131 kaya tuzlar\u0131ndan ay\u0131ran en b\u00fcy\u00fck \u00f6zellik, bas\u0131n\u00e7 alt\u0131nda molek\u00fcl yap\u0131s\u0131 yo\u011funla\u015farak k\u00fc\u00e7\u00fclm\u00fc\u015f olmas\u0131d\u0131r. Bu ince molek\u00fcl yap\u0131s\u0131 kristal tuz iyonlar\u0131n\u0131n h\u00fccre zar\u0131ndan h\u00fccreye girmelerini kolayla\u015ft\u0131r\u0131r. D\u00fcnyan\u0131n en iyi kristal tuzlar\u0131ndan birisi de Himalaya tuzu olarak bilinen Himalaya kristal tuzudur. 2. Rafine edilmi\u015f sofra tuzu (NaCI) nedir? Sanayide kullan\u0131m i\u00e7in deniz ve kaya tuzlar\u0131 y\u00fcksek \u0131s\u0131 alt\u0131nda rafine edilir. Rafine edilirken tuzun i\u00e7erisinde bulunan Sodyum ve Klor\u00fcr&#8217;\u00fcn d\u0131\u015f\u0131nda, di\u011fer b\u00fct\u00fcn elementler ve iz elementleri \u00e7e\u015fitli kimyasal ve fiziksel s\u00fcre\u00e7ten ge\u00e7irilerek ayr\u0131\u015ft\u0131r\u0131l\u0131r. Ancak bu insan v\u00fccudunun ihtiyac\u0131 olan tuz de\u011fildir. \u00c7\u00fcnk\u00fc Sodyum klor\u00fcr (Sofra Tuzu) insan v\u00fccudunda da kendi ba\u015f\u0131na agresif reaksiyonlara girer. Bu da v\u00fccudun kimyasal i\u015fleyi\u015fini bozar. Bu nedenle v\u00fccut sofra tuzunu agresif bir madde olarak alg\u0131lar ve hemen v\u00fccuttan d\u0131\u015far\u0131 atmaya \u00e7al\u0131\u015f\u0131r. V\u00fccut bu agresif maddeyi sadece su ile d\u0131\u015far\u0131 atabilmektedir. Toplumun b\u00fcy\u00fck bir \u00e7o\u011funlu\u011fu su i\u00e7medi\u011finden, v\u00fccut bu sofra tuzunu d\u0131\u015far\u0131 atamamaktad\u0131r. \u00d6zellikle a\u015f\u0131r\u0131 sofra tuzu t\u00fcketimi, y\u00fcksek tansiyona, romatizmal kemik a\u011fr\u0131lar\u0131na, mide ve ba\u011f\u0131rsak kanseri gibi bir\u00e7ok sa\u011fl\u0131k sorununa sebep olmaktad\u0131r&#8221;. Bak\u0131n h\u0131rs\u0131zlar ne yaman da laflar ediyorlar. 350 ton tuzumu ve koca bir \u015firketimi, sadece g\u00fcvenip de m\u00fcd\u00fcr diye atad\u0131m diye arkamdan soyup kendi \u00fczerlerine \u00e7eviren bu h\u0131rs\u0131zlar\u0131 bilmesem nerede ise ben bile bunlara inanacam. REGA\u0130B KAND\u0130L\u0130M\u0130Z M\u00dcBAREK OLSUN Reg\u00e2ib, arap\u00e7a bir kelimedir ve &#8220;re\u011fa-be&#8221; k\u00f6k\u00fcnden gelmektedir. &#8220;Re\u011fa-be&#8221;, kelime olarak, herhangi bir \u015feyi istemek, arzulamak, ona kar\u015f\u0131 meyletmek ve onu elde etmek i\u00e7in \u00e7aba sarf etmek demektir. &#8221; Receb&#8217;in ilk cuma gecesine Regaib gecesi denir. Bu geceye Regaib gecesi ismini melekler vermi\u015flerdir. Her Cuma gecesi k\u0131ymetlidir. Bu iki k\u0131ymetli gece bir araya gelince, daha k\u0131ymetli oluyor. Allah\u00fc te\u00e2l\u00e2, bu gecede, m\u00fcminlere, ragibetler [ihsanlar, ikramlar] yapar. Bu geceye h\u00fcrmet edenleri affeder. Bu gece yap\u0131lan dua kabul olur, namaz, oru\u00e7, sadaka gibi ibadetlere, say\u0131s\u0131z sevaplar verilir. Peygamberimiz (a.s.m)&#8217; \u0131n Ramazan ay\u0131ndan sonra en \u00e7ok oru\u00e7 tuttu\u011fu ay Receb ay\u0131d\u0131r. Bu Receb ay\u0131nda oru\u00e7 tutman\u0131n muazzam, muhte\u015fem sevablar\u0131 var. Arifler ve din alimleri kitaplar\u0131nda yazm\u0131\u015flar ki, bu ay ekim, ekme, ziraat ay\u0131d\u0131r. . \u015ea&#8217;ban bak\u0131m ay\u0131d\u0131r. Ramazan bi\u00e7im ay\u0131d\u0131r, y\u00e2ni mahsul\u00fcn al\u0131nd\u0131\u011f\u0131 ayd\u0131r demi\u015fler. Demek ki Receb ay\u0131, bizi Ramazan ay\u0131na haz\u0131rlayan bir mevsimin ilk ad\u0131m\u0131 olmu\u015f oluyor. Bak\u0131n h\u0131rs\u0131zlar\u0131m ne de bilge konu\u015fuyorlar. \u00a0 AH\u0130L\u0130KTE YOLA YEN\u0130 G\u0130RECEK OLAN TALEBEYE TUZLU SU \u0130\u00c7\u0130R\u0130LEREK \u00d6\u011e\u00dcTTE BULUNURDU. AH\u0130 \u0130NANCINA G\u00d6RE TUZ KALPTEK\u0130 \u015e\u0130DDET \u0130LE \u0130NADI YOK EDER,SUYUN K\u0130N VE KASVET\u0130 S\u00d6\u011e\u00dcRD\u00dc\u011e\u00dcNE \u0130NANILIRDI. Y\u0130NE AH\u0130 GELENE\u011e\u0130NDE B\u0130R BA\u015eKASIYLA TUZ EKMEK YEMEK ,ONUNLA S\u00d6ZLE\u015eMEK ,AK\u0130TLE\u015eMEK DEMEKT\u0130. TEKKELERDE BULUNAN YAZILARDA; TUZLU SU SERAMON\u0130S\u0130N\u0130N FARKLI B\u0130R UYGULAMASINDAN DA S\u00d6Z ED\u0130L\u0130R. BU UYGULAMADA SUYA B\u0130R TUTAM TUZ KATILIP SONRA DA \u2018 BU HAK\u0130KATT\u0130R \u2018 DEN\u0130L\u0130RD\u0130. TAL\u0130P TUZLU SUYU \u0130\u00c7T\u0130KTEN SONRA P\u0130R \u015e\u00d6YLE \u00d6\u011e\u00dcT VER\u0130RD\u0130 ; \u2018 NEMEK\u2019E ( TUZ\u2019A ) \u0130HANET ETME. E\u011fer bir insan utanma duygusunu kaybedince herhalde kendisini bu kadar a\u015fa\u011f\u0131layabilir. Bana bir\u00e7ok insan diyor ki Y\u00fccel bey neden bu kadar g\u00fcvendiniz bu adama. Bu sat\u0131rlar\u0131 yazan insanlar beni \u00e7ocuklar\u0131n\u0131n yata\u011f\u0131nda yat\u0131rd\u0131lar. Me\u011fersem b\u00fct\u00fcn bu arkata\u015fl\u0131klar beni elege\u00e7irebilmek i\u00e7inmi\u015f. \u00c7ocu\u011funun yata\u011f\u0131n\u0131 benimle payla\u015fan bir arkada\u015f\u0131n, T\u00fcrkiyede ya\u015famad\u0131\u011f\u0131m i\u00e7in nas\u0131l olsa bir\u015fey yapamaz d\u00fc\u015f\u00fcncesi ile arkadan adi bir h\u0131rs\u0131z gibi b\u00fct\u00fcn malvarl\u0131\u011f\u0131m\u0131 \u00e7alabilece\u011fi kimin akl\u0131na gelebilir? Bak\u0131n \u015fimdi de ne yaz\u0131yorlar; NEMEK\u2019E ( TUZ\u2019A ) \u0130HANET ETME. Ger\u00e7ekte ac\u0131yorum bu insanlara. Bir insan kendisini bu kadar a\u015fa\u011f\u0131layabiliyorsa bir zorlar\u0131 var demektir.\u00a0 Ac\u0131maktan ba\u015fka bir\u015fey de gelmez ki elimizden. Tanr\u0131n\u0131n Lanetledi\u011fi insana ancak bizden ac\u0131mak d\u00fc\u015fer. Vay zavall\u0131lar. Papa\u011fanlar gibi bak\u0131n ne yaman ezberlemi\u015fler yazd\u0131klar\u0131m\u0131. \u00d6yle bir h\u0131zla ko\u015fuyorlar ki, televizyonculuk oyunu art\u0131k h\u0131rs\u0131zlar\u0131m\u0131n h\u0131rslar\u0131n\u0131 doyuramam\u0131\u015f, \u015fimdi de kanser uzman\u0131 kesilmi\u015fler. H\u0131rs\u0131zlar\u0131m\u0131n bir \u00f6zelliklerini taktir ediyorum. Bana en \u00e7ok inanan h\u0131rs\u0131zlar\u0131m oldu. Yanl\u0131z i\u015fte para i\u015fin i\u00e7ine girince kendilerini a\u015fa\u011f\u0131l\u0131yorlar. Bu kadar beni bir papa\u011fan gibi ezberleyip her tarafa yayarken \u015fimdi kalk\u0131p kitab\u0131m \u00e7evridir diye nas\u0131l propaganda yapars\u0131n. Bak\u0131n ezberlediklerine. Nas\u0131l da inanm\u0131\u015flar bizeki utanmadan da her yerde tekrarl\u0131yorlar. \u00a0 (Y\u00fccel Aydemir) SUYUN DI\u015eINDA H\u0130\u00c7 B\u0130R \u015eEY SUYUN YER\u0130N\u0130 TUTAMAZ Ne \u00e7ay, ne kahve, ne boyal\u0131 me\u015frubatlar, ne de yapay meyve sular\u0131 suyun yerine ge\u00e7emez. Aksine, enerji d\u00f6n\u00fc\u015f\u00fcm\u00fc ve at\u0131klar\u0131n\u0131n uzakla\u015ft\u0131r\u0131lmas\u0131nda v\u00fccutdaki suyu t\u00fcketirler. Bu s\u0131v\u0131lar, su yerine kullan\u0131l\u0131rsa, beyinin su ihtiyac\u0131n\u0131 bildirme \u015fekli olan susama duygusu engellenir. Zamanla enerji ihtiyac\u0131n\u0131 bildirme g\u00fcd\u00fcs\u00fc olan ac\u0131kma hissi ile susama hissi birbirine kar\u0131\u015f\u0131r ve susad\u0131k\u00e7a da yemek yeme arzusu do\u011far. V\u00fccudun su eksikli\u011fi bildirilmeyince, v\u00fccut kendine zarar verme pahas\u0131na (daha de\u011ferli addetti\u011fi organlar\u0131 i\u00e7in di\u011ferlerini fed\u00e2 etmek gibi) ba\u015fka y\u00f6ntemlere ba\u015fvurur. Bu y\u00f6ntem, ac\u0131mas\u0131zca, di\u011fer hayati organlardan suyun tedarik edilmesidir. V\u00fccut, su k\u0131tl\u0131\u011f\u0131 \u00e7ekti\u011finde kandaki suyu kullan\u0131rsa y\u00fcksek tansiyon, omurlardakini kullan\u0131rsa bel ve boyun f\u0131t\u0131klar\u0131, kemiklerdekini kullan\u0131rsa gut, artrit, romatizma, akci\u011ferlerdekini kullan\u0131rsa ast\u0131m, pankreastakini kullan\u0131rsa \u015feker, midedekini kullan\u0131rsa \u00fclser hastal\u0131klar\u0131n\u0131 yarat\u0131r. Olu\u015fabilecek hastal\u0131klar\u0131n say\u0131s\u0131 bunlarla da s\u0131n\u0131rl\u0131 kalmay\u0131p daha bir\u00e7oklar\u0131 say\u0131labilir. H\u00fccrelerin su eksikli\u011finde daha da fazla zorlanmas\u0131, h\u00fccre i\u00e7i kat\u0131 enerji t\u00fcketiminin artmas\u0131na ve dolay\u0131s\u0131 ile normalinden h\u0131zl\u0131 b\u00f6l\u00fcnmesine ve bu tehlikeli gidi\u015fe tepki olarak da beyinin oksijen g\u00f6nderimini kesmesine sebep olur. Oksijenin kesilmesi neticesinde, h\u00fccrenin hayatiyetini devam ettirebilmek i\u00e7in ilkel, yani oksijensiz-anaerobik solunumu tercih etmesi ile de kanserle\u015fme denilen s\u00fcrece girilmi\u015f olur. B\u00fct\u00fcn bunlara sebep olan, suyu azalan motorun bir s\u00fcre sonra hararet yapmas\u0131, suyu azalan yeme\u011fin bir s\u00fcre sonra dibinin tutmas\u0131 misali, suyu azalan v\u00fccudun da bir s\u00fcre sonra \u2018kuruma\u2019 denilen asitle\u015fme s\u00fcrecine girerek hastal\u0131k ortam\u0131na haz\u0131rlanmas\u0131d\u0131r. Olu\u015fan \u2018sa\u011fl\u0131k ve hayat\u2019 dengesinin d\u0131\u015f\u0131ndaki bu durumun ad\u0131 hastal\u0131k de\u011fil kurumad\u0131r. O halde, Su hayat ise, susuzluk \u00f6l\u00fcmd\u00fcr.<\/p>\n","protected":false},"excerpt":{"rendered":"<p>De\u011ferli M\u00fc\u015fteriler Sahte tuzlar\u0131 sizlere satmak i\u00e7in benden izinsiz ad\u0131m\u0131 kullanan, belgelerimi kullanan ve yaz\u0131lar\u0131m\u0131 ya kopya ederek ya da kitab\u0131m\u0131 sanki kendileri yaz\u0131yormu\u015f gibi yeniden form\u00fcle eden h\u0131rs\u0131zlar\u0131 bu sayfada te\u015fhir edece\u011fim. Tabiki bu ki\u015filer hakk\u0131nda ayr\u0131ca su\u00e7 duyurusunda da bulunuyoruz. Ancak adalet sisteminin \u00fclkemizde yava\u015f y\u00fcr\u00fcmesinden dolay\u0131, para h\u0131rs\u0131 bu insanlar\u0131n g\u00f6z\u00fcn\u00fc d\u00f6nderdi\u011fi [&hellip;]<\/p>\n","protected":false},"author":1,"featured_media":0,"parent":0,"menu_order":0,"comment_status":"open","ping_status":"open","template":"","meta":{"footnotes":""},"class_list":["post-1709","page","type-page","status-publish","hentry"],"jetpack_sharing_enabled":true,"_links":{"self":[{"href":"https:\/\/yucelaydemir.com\/index.php?rest_route=\/wp\/v2\/pages\/1709","targetHints":{"allow":["GET"]}}],"collection":[{"href":"https:\/\/yucelaydemir.com\/index.php?rest_route=\/wp\/v2\/pages"}],"about":[{"href":"https:\/\/yucelaydemir.com\/index.php?rest_route=\/wp\/v2\/types\/page"}],"author":[{"embeddable":true,"href":"https:\/\/yucelaydemir.com\/index.php?rest_route=\/wp\/v2\/users\/1"}],"replies":[{"embeddable":true,"href":"https:\/\/yucelaydemir.com\/index.php?rest_route=%2Fwp%2Fv2%2Fcomments&post=1709"}],"version-history":[{"count":18,"href":"https:\/\/yucelaydemir.com\/index.php?rest_route=\/wp\/v2\/pages\/1709\/revisions"}],"predecessor-version":[{"id":2019,"href":"https:\/\/yucelaydemir.com\/index.php?rest_route=\/wp\/v2\/pages\/1709\/revisions\/2019"}],"wp:attachment":[{"href":"https:\/\/yucelaydemir.com\/index.php?rest_route=%2Fwp%2Fv2%2Fmedia&parent=1709"}],"curies":[{"name":"wp","href":"https:\/\/api.w.org\/{rel}","templated":true}]}}