{"id":1811,"date":"2013-11-19T22:33:26","date_gmt":"2013-11-19T21:33:26","guid":{"rendered":"http:\/\/yucelaydemir.de\/?page_id=1811"},"modified":"2026-02-08T14:21:07","modified_gmt":"2026-02-08T11:21:07","slug":"etkinlikler-2","status":"publish","type":"page","link":"https:\/\/yucelaydemir.com\/?page_id=1811","title":{"rendered":"Veri Bankas\u0131"},"content":{"rendered":"\t\t<div data-elementor-type=\"wp-page\" data-elementor-id=\"1811\" class=\"elementor elementor-1811\">\n\t\t\t\t<div class=\"elementor-element elementor-element-3b3d57a2 e-flex e-con-boxed e-con e-parent\" data-id=\"3b3d57a2\" data-element_type=\"container\" data-e-type=\"container\">\n\t\t\t\t\t<div class=\"e-con-inner\">\n\t\t\t\t<div class=\"elementor-element elementor-element-32be341d elementor-widget elementor-widget-text-editor\" data-id=\"32be341d\" data-element_type=\"widget\" data-e-type=\"widget\" data-widget_type=\"text-editor.default\">\n\t\t\t\t\t\t\t\t\t<p><strong>Y\u00fccel Aydemir\u2019den \u0130ki Yapay Zek\u00e2 Asistan\u0131<\/strong><\/p><p>Y\u00fccel Aydemir, sizlere <strong>ayn\u0131 sa\u011fl\u0131k sorular\u0131na iki farkl\u0131 bak\u0131\u015f a\u00e7\u0131s\u0131yla de\u011ferlendirme sunan<\/strong> iki yapay zek\u00e2 asistan\u0131 sunmaktad\u0131r: <strong>SENA<\/strong> ve <strong>CH\u0130<\/strong>.<\/p><p><strong>SENA<\/strong>, insan sa\u011fl\u0131\u011f\u0131 ile ilgili sorular\u0131n\u0131z\u0131 g\u00fcncel t\u0131p bilgileri ve mevcut sa\u011fl\u0131k sistemlerinin kabul etti\u011fi resmi yakla\u015f\u0131mlar do\u011frultusunda de\u011ferlendirir ve buna uygun bilgi ve \u00f6neriler sunar.<\/p><p><strong>CH\u0130<\/strong> ise, yaln\u0131zca Y\u00fccel Aydemir\u2019in yakla\u015f\u0131m\u0131na ve geli\u015ftirdi\u011fi altyap\u0131ya dayanan \u00f6zel bir asistand\u0131r. CH\u0130 Asistan\u0131, ayn\u0131 sa\u011fl\u0131k sorular\u0131n\u0131 Y\u00fccel Aydemir\u2019in perspektifinden ele al\u0131r ve ya\u015fam enerjinizi (\u00f6zellikle <strong>biyolojik ya\u015fam enerjinizi<\/strong>) korumaya, yeniden kazanmaya ve g\u00fc\u00e7lendirmeye y\u00f6nelik do\u011fal, ekonomik ve h\u0131zl\u0131 sonu\u00e7 odakl\u0131 \u00f6neriler sunar.<\/p><p><strong>K\u0131saca:<\/strong><\/p><ul><li><p><strong>SENA:<\/strong> Resmi t\u0131p ve mevcut sa\u011fl\u0131k sistemlerinin yakla\u015f\u0131m\u0131na g\u00f6re de\u011ferlendirme yapar<\/p><\/li><li><p><strong>CH\u0130:<\/strong> Ayn\u0131 soruya Y\u00fccel Aydemir yakla\u015f\u0131m\u0131na g\u00f6re ya\u015fam enerjisi ve biyolojik g\u00fc\u00e7lenme odakl\u0131 de\u011ferlendirme yapar<\/p><\/li><\/ul><p><strong>Neden \u0130ki Farkl\u0131 Cevap?<\/strong><\/p><p>Sa\u011fl\u0131kla ilgili bir soruya her zaman tek bir bak\u0131\u015f a\u00e7\u0131s\u0131ndan yakla\u015fmak zorunda de\u011filsiniz. \u00c7\u00fcnk\u00fc sa\u011fl\u0131k, yaln\u0131zca hastal\u0131\u011f\u0131n tedavisinden de\u011fil, ayn\u0131 zamanda ya\u015fam enerjisinin, ya\u015fam tarz\u0131n\u0131n ve biyolojik dengenin korunmas\u0131ndan da etkilenir.<\/p><p>Y\u00fccel Aydemir, bu nedenle ayn\u0131 sa\u011fl\u0131k sorusunun iki farkl\u0131 yakla\u015f\u0131mla de\u011ferlendirilmesini m\u00fcmk\u00fcn k\u0131lm\u0131\u015ft\u0131r.<\/p><p><strong>SENA<\/strong>, sorular\u0131n\u0131z\u0131 g\u00fcncel t\u0131p bilgileri ve mevcut sa\u011fl\u0131k sistemlerinin kabul etti\u011fi resmi yakla\u015f\u0131mlar do\u011frultusunda de\u011ferlendirir.<\/p><p><strong>CH\u0130<\/strong> ise ayn\u0131 soruyu, Y\u00fccel Aydemir\u2019in yakla\u015f\u0131m\u0131na g\u00f6re ele al\u0131r ve \u00f6zellikle biyolojik ya\u015fam enerjisini koruma, g\u00fc\u00e7lendirme ve do\u011fal dengeyi yeniden kurma a\u00e7\u0131s\u0131ndan de\u011ferlendirme yapar.<\/p><p>Ama\u00e7, size tek bir g\u00f6r\u00fc\u015f sunmak de\u011fil, ayn\u0131 konuya iki farkl\u0131 bak\u0131\u015f a\u00e7\u0131s\u0131 kazand\u0131rmakt\u0131r.<\/p><p>B\u00f6ylece:<\/p><ul><li><p>Farkl\u0131 yakla\u015f\u0131mlar\u0131 g\u00f6rebilir<\/p><\/li><li><p>Bilin\u00e7li karar verebilir<\/p><\/li><li><p>Kendi sa\u011fl\u0131\u011f\u0131n\u0131z i\u00e7in en uygun yolu se\u00e7ebilirsiniz<\/p><\/li><\/ul><p><br \/><br \/><\/p>\t\t\t\t\t\t\t\t<\/div>\n\t\t\t\t\t<\/div>\n\t\t\t\t<\/div>\n\t\t\t\t<\/div>\n\t\t","protected":false},"excerpt":{"rendered":"<p>Y\u00fccel Aydemir\u2019den \u0130ki Yapay Zek\u00e2 Asistan\u0131 Y\u00fccel Aydemir, sizlere ayn\u0131 sa\u011fl\u0131k sorular\u0131na iki farkl\u0131 bak\u0131\u015f a\u00e7\u0131s\u0131yla de\u011ferlendirme sunan iki yapay zek\u00e2 asistan\u0131 sunmaktad\u0131r: SENA ve CH\u0130. SENA, insan sa\u011fl\u0131\u011f\u0131 ile ilgili sorular\u0131n\u0131z\u0131 g\u00fcncel t\u0131p bilgileri ve mevcut sa\u011fl\u0131k sistemlerinin kabul etti\u011fi resmi yakla\u015f\u0131mlar do\u011frultusunda de\u011ferlendirir ve buna uygun bilgi ve \u00f6neriler sunar. CH\u0130 ise, yaln\u0131zca [&hellip;]<\/p>\n","protected":false},"author":1,"featured_media":0,"parent":0,"menu_order":0,"comment_status":"open","ping_status":"closed","template":"","meta":{"footnotes":""},"class_list":["post-1811","page","type-page","status-publish","hentry"],"jetpack_sharing_enabled":true,"_links":{"self":[{"href":"https:\/\/yucelaydemir.com\/index.php?rest_route=\/wp\/v2\/pages\/1811","targetHints":{"allow":["GET"]}}],"collection":[{"href":"https:\/\/yucelaydemir.com\/index.php?rest_route=\/wp\/v2\/pages"}],"about":[{"href":"https:\/\/yucelaydemir.com\/index.php?rest_route=\/wp\/v2\/types\/page"}],"author":[{"embeddable":true,"href":"https:\/\/yucelaydemir.com\/index.php?rest_route=\/wp\/v2\/users\/1"}],"replies":[{"embeddable":true,"href":"https:\/\/yucelaydemir.com\/index.php?rest_route=%2Fwp%2Fv2%2Fcomments&post=1811"}],"version-history":[{"count":39,"href":"https:\/\/yucelaydemir.com\/index.php?rest_route=\/wp\/v2\/pages\/1811\/revisions"}],"predecessor-version":[{"id":2399,"href":"https:\/\/yucelaydemir.com\/index.php?rest_route=\/wp\/v2\/pages\/1811\/revisions\/2399"}],"wp:attachment":[{"href":"https:\/\/yucelaydemir.com\/index.php?rest_route=%2Fwp%2Fv2%2Fmedia&parent=1811"}],"curies":[{"name":"wp","href":"https:\/\/api.w.org\/{rel}","templated":true}]}}