{"id":204,"date":"2011-12-06T09:09:05","date_gmt":"2011-12-06T08:09:05","guid":{"rendered":"http:\/\/yucelaydemir.de\/wp\/?page_id=204"},"modified":"2011-12-09T19:27:42","modified_gmt":"2011-12-09T18:27:42","slug":"siir","status":"publish","type":"page","link":"https:\/\/yucelaydemir.com\/?page_id=204","title":{"rendered":"\u015eiir"},"content":{"rendered":"<p><!--:tr-->&nbsp;<\/p>\n<table border=\"0\">\n<tbody>\n<tr>\n<td><strong>Garip bir \u0130stanbul Sonbahar\u0131<\/strong><\/p>\n<p>Oturmu\u015fum denizin mavisine<\/p>\n<p>R\u00fczgar deli, poyrazdan eser<\/p>\n<p>Sa\u00e7lar\u0131n ellerimde<\/p>\n<p>\u00d6yle susam\u0131\u015f\u0131m ki bu g\u00fcn<\/p>\n<p>\u00d6yle susam\u0131\u015f\u0131m ki ya\u015famaya<\/p>\n<p>Sensili\u011fimde \u00f6mr\u00fcm\u00fcn<\/p>\n<p>&nbsp;<\/p>\n<p>Kayalara salmi\u015fim kendimi<\/p>\n<p>Deniz poyrazdan vurur hep<\/p>\n<p>Ben g\u00f6zlerinin mavisine d\u00fc\u015f\u00fcnce<\/p>\n<p>&nbsp;<\/p>\n<p>Ne de \u00e7ok kocam\u0131\u015f Istanbul<\/p>\n<p>Sensizli\u011finde \u00f6mr\u00fcm\u00fcn<\/p>\n<p>&nbsp;<\/p>\n<p>Bir asi dalgaya d\u00fc\u015ft\u00fcm ki<\/p>\n<p>Seni g\u00f6rd\u00fc\u011f\u00fcmden beri<\/p>\n<p>O \u00e7\u0131plak \u0130stanbul kald\u0131r\u0131m\u0131nda<\/p>\n<p>yapa yanl\u0131z<\/p>\n<p>&nbsp;<\/p>\n<p>En \u00e7ok da<\/p>\n<p>seni ilk g\u00f6rd\u00fc\u011f\u00fcm g\u00fcnler \u00fc\u015f\u00fc\u015f\u00fcr yad\u0131ma<\/p>\n<p>Ve seninle sabahlad\u0131\u011f\u0131m\u0131z geceler<\/p>\n<p>Ay \u0131\u015f\u0131\u011f\u0131n\u0131n hep \u00fczerimizde d\u00f6nd\u00fc\u011f\u00fc geceler<\/p>\n<p>O \u0130stanbulun umutalara ko\u015fu\u015ftu\u011fu geceler<\/p>\n<p>&nbsp;<\/p>\n<p>Bitmi\u015f \u015fimdi umutlar, kocam\u0131\u015f \u0130stanbul<\/p>\n<p>Yoksullu\u011fa d\u00fc\u015fm\u00fc\u015f umut<\/p>\n<p>\u015eaire kesilmi\u015f sokaklar<\/p>\n<p>&nbsp;<\/p>\n<p>\u015eiire kesildim ben<\/p>\n<p>En \u00e7ok da seni g\u00f6r\u00fcnce<\/p>\n<p>Yapa yanl\u0131z<\/p>\n<p>O kocam\u0131\u015f \u0130stanbulun<\/p>\n<p>\u00e7\u0131plak kald\u0131r\u0131mlar\u0131nda<\/p>\n<p>Ay kocaman s\u0131rt\u0131mda<\/p>\n<p>Deniz ulu \u00f6n\u00fcmde<\/p>\n<p>D\u00fc\u015fm\u00fc\u015f\u00fcm ate\u015fine g\u00f6zlerinin<\/p>\n<p>Kerem gibi yanmak da ne<\/td>\n<td><\/td>\n<\/tr>\n<tr>\n<td><\/td>\n<td><\/td>\n<\/tr>\n<\/tbody>\n<\/table>\n<p><!--:--><!--:de--><\/p>\n<p><style>\u00a0<!--\n \/* Font Definitions *\/\n@font-face\n\t{font-family:\"Times New Roman\";\n\tpanose-1:0 2 2 6 3 5 4 5 2 3;\n\tmso-font-charset:0;\n\tmso-generic-font-family:auto;\n\tmso-font-pitch:variable;\n\tmso-font-signature:50331648 0 0 0 1 0;}\n@font-face\n\t{font-family:Century;\n\tpanose-1:0 2 4 6 4 5 5 5 2 3;\n\tmso-font-charset:0;\n\tmso-generic-font-family:auto;\n\tmso-font-pitch:variable;\n\tmso-font-signature:50331648 0 0 0 1 0;}\n@font-face\n\t{font-family:\"MS Mincho\";\n\tmso-font-alt:\"\uff2d\uff33 \u660e\u671d\";\n\tmso-font-charset:128;\n\tmso-generic-font-family:modern;\n\tmso-font-pitch:fixed;\n\tmso-font-signature:-1610612033 1757936891 16 0 131231 0;}\n \/* Style Definitions *\/\np.MsoNormal, li.MsoNormal, div.MsoNormal\n\t{mso-style-parent:\"\";\n\tmargin:0cm;\n\tmargin-bottom:.0001pt;\n\ttext-align:justify;\n\tmso-pagination:none;\n\tfont-size:10.5pt;\n\tfont-family:Century;\n\tmso-font-kerning:1.0pt;\n\tmso-ansi-language:TR;\n\tmso-fareast-language:JA;}\ntable.MsoNormalTable\n\t{mso-style-parent:\"\";\n\tfont-size:10.0pt;\n\tfont-family:\"Times New Roman\";}\n@page Section1\n\t{size:612.0pt 792.0pt;\n\tmargin:70.85pt 70.85pt 2.0cm 70.85pt;\n\tmso-header-margin:36.0pt;\n\tmso-footer-margin:36.0pt;\n\tmso-paper-source:0;}\ndiv.Section1\n\t{page:Section1;}\n-->\n<\/style>\n<\/p>\n<p class=\"MsoNormal\"><span lang=\"TR\"><b>Garip bir \u0130stanbul Sonbahar\u0131<\/b><\/span><\/p>\n<p>&nbsp;<\/p>\n<p class=\"MsoNormal\"><span lang=\"TR\">Oturmu\u015fum denizin mavisine<\/span><\/p>\n<p class=\"MsoNormal\"><span lang=\"TR\">R&uuml;zgar deli, poyrazdan eser<\/span><\/p>\n<p class=\"MsoNormal\"><span lang=\"TR\">Sa&ccedil;lar\u0131n ellerimde<\/span><\/p>\n<p class=\"MsoNormal\"><span lang=\"TR\">&Ouml;yle susam\u0131\u015f\u0131m ki bu g&uuml;n<\/span><\/p>\n<p class=\"MsoNormal\"><span lang=\"TR\">&Ouml;yle susam\u0131\u015f\u0131m ki ya\u015famaya<\/span><\/p>\n<p class=\"MsoNormal\"><span lang=\"TR\">Sensili\u011fimde &ouml;mr&uuml;m&uuml;n<\/span><\/p>\n<p class=\"MsoNormal\"><span lang=\"TR\">&nbsp;<\/span><\/p>\n<p class=\"MsoNormal\"><span lang=\"TR\">Kayalara salmi\u015fim kendimi<\/span><\/p>\n<p class=\"MsoNormal\"><span lang=\"TR\">Deniz poyrazdan vurur hep<\/span><\/p>\n<p class=\"MsoNormal\"><span lang=\"TR\">Ben g&ouml;zlerinin mavisine d&uuml;\u015f&uuml;nce<\/span><\/p>\n<p class=\"MsoNormal\"><span lang=\"TR\">&nbsp;<\/span><\/p>\n<p class=\"MsoNormal\"><span lang=\"TR\">Ne de &ccedil;ok kocam\u0131\u015f Istanbul<\/span><\/p>\n<p class=\"MsoNormal\"><span lang=\"TR\">Sensizli\u011finde &ouml;mr&uuml;m&uuml;n<\/span><\/p>\n<p class=\"MsoNormal\"><span lang=\"TR\">&nbsp;<\/span><\/p>\n<p class=\"MsoNormal\"><span lang=\"TR\">Bir asi dalgaya d&uuml;\u015ft&uuml;m ki<\/span><\/p>\n<p class=\"MsoNormal\"><span lang=\"TR\">Seni g&ouml;rd&uuml;\u011f&uuml;mden beri<\/span><\/p>\n<p class=\"MsoNormal\"><span lang=\"TR\">O &ccedil;\u0131plak \u0130stanbul kald\u0131r\u0131m\u0131nda <\/span><\/p>\n<p class=\"MsoNormal\">yapa yanl\u0131z<\/p>\n<p class=\"MsoNormal\"><span lang=\"TR\">&nbsp;<\/span><\/p>\n<p class=\"MsoNormal\"><span lang=\"TR\">En &ccedil;ok da <\/span><\/p>\n<p class=\"MsoNormal\"><span lang=\"TR\">seni ilk g&ouml;rd&uuml;\u011f&uuml;m g&uuml;nler &uuml;\u015f&uuml;\u015f&uuml;r yad\u0131ma<\/span><\/p>\n<p class=\"MsoNormal\"><span lang=\"TR\">Ve seninle sabahlad\u0131\u011f\u0131m\u0131z geceler<\/span><\/p>\n<p class=\"MsoNormal\"><span lang=\"TR\">Ay \u0131\u015f\u0131\u011f\u0131n\u0131n hep &uuml;zerimizde d&ouml;nd&uuml;\u011f&uuml; geceler<\/span><\/p>\n<p class=\"MsoNormal\"><span lang=\"TR\">O \u0130stanbulun umutalara ko\u015fu\u015ftu\u011fu geceler<\/span><\/p>\n<p class=\"MsoNormal\"><span lang=\"TR\">&nbsp;<\/span><\/p>\n<p class=\"MsoNormal\"><span lang=\"TR\">Bitmi\u015f \u015fimdi umutlar, kocam\u0131\u015f \u0130stanbul<\/span><\/p>\n<p class=\"MsoNormal\"><span lang=\"TR\">Yoksullu\u011fa d&uuml;\u015fm&uuml;\u015f umut<\/span><\/p>\n<p class=\"MsoNormal\"><span lang=\"TR\">\u015eaire kesilmi\u015f sokaklar<\/span><\/p>\n<p class=\"MsoNormal\"><span lang=\"TR\">&nbsp;<\/span><\/p>\n<p class=\"MsoNormal\"><span lang=\"TR\">\u015eiire kesildim ben <\/span><\/p>\n<p class=\"MsoNormal\"><span lang=\"TR\">En &ccedil;ok da seni g&ouml;r&uuml;nce<\/span><\/p>\n<p class=\"MsoNormal\"><span lang=\"TR\">Yapa yanl\u0131z<\/span><\/p>\n<p class=\"MsoNormal\"><span lang=\"TR\">O kocam\u0131\u015f \u0130stanbulun <\/span><\/p>\n<p class=\"MsoNormal\" style=\"text-indent:42.0pt\"><span lang=\"TR\">&ccedil;\u0131plak kald\u0131r\u0131mlar\u0131nda<\/span><\/p>\n<p class=\"MsoNormal\"><span lang=\"TR\">Ay kocaman s\u0131rt\u0131mda<\/span><\/p>\n<p class=\"MsoNormal\"><span lang=\"TR\">Deniz ulu &ouml;n&uuml;mde<\/span><\/p>\n<p class=\"MsoNormal\"><span lang=\"TR\">D&uuml;\u015fm&uuml;\u015f&uuml;m ate\u015fine g&ouml;zlerinin<\/span><\/p>\n<p class=\"MsoNormal\"><span lang=\"TR\">Kerem gibi yanmak da ne<\/span><\/p>\n<p><!--:--><!--:en--><strong>Garip bir \u0130stanbul Sonbahar\u0131<\/strong><\/p>\n<p>Oturmu\u015fum denizin mavisine<\/p>\n<p>R\u00fczgar deli, poyrazdan eser<\/p>\n<p>Sa\u00e7lar\u0131n ellerimde<\/p>\n<p>\u00d6yle susam\u0131\u015f\u0131m ki bu g\u00fcn<\/p>\n<p>\u00d6yle susam\u0131\u015f\u0131m ki ya\u015famaya<\/p>\n<p>Sensili\u011fimde \u00f6mr\u00fcm\u00fcn<\/p>\n<p>&nbsp;<\/p>\n<p>Kayalara salmi\u015fim kendimi<\/p>\n<p>Deniz poyrazdan vurur hep<\/p>\n<p>Ben g\u00f6zlerinin mavisine d\u00fc\u015f\u00fcnce<\/p>\n<p>&nbsp;<\/p>\n<p>Ne de \u00e7ok kocam\u0131\u015f Istanbul<\/p>\n<p>Sensizli\u011finde \u00f6mr\u00fcm\u00fcn<\/p>\n<p>&nbsp;<\/p>\n<p>Bir asi dalgaya d\u00fc\u015ft\u00fcm ki<\/p>\n<p>Seni g\u00f6rd\u00fc\u011f\u00fcmden beri<\/p>\n<p>O \u00e7\u0131plak \u0130stanbul kald\u0131r\u0131m\u0131nda<\/p>\n<p>yapa yanl\u0131z<\/p>\n<p>&nbsp;<\/p>\n<p>En \u00e7ok da<\/p>\n<p>seni ilk g\u00f6rd\u00fc\u011f\u00fcm g\u00fcnler \u00fc\u015f\u00fc\u015f\u00fcr yad\u0131ma<\/p>\n<p>Ve seninle sabahlad\u0131\u011f\u0131m\u0131z geceler<\/p>\n<p>Ay \u0131\u015f\u0131\u011f\u0131n\u0131n hep \u00fczerimizde d\u00f6nd\u00fc\u011f\u00fc geceler<\/p>\n<p>O \u0130stanbulun umutalara ko\u015fu\u015ftu\u011fu geceler<\/p>\n<p>&nbsp;<\/p>\n<p>Bitmi\u015f \u015fimdi umutlar, kocam\u0131\u015f \u0130stanbul<\/p>\n<p>Yoksullu\u011fa d\u00fc\u015fm\u00fc\u015f umut<\/p>\n<p>\u015eaire kesilmi\u015f sokaklar<\/p>\n<p>&nbsp;<\/p>\n<p>\u015eiire kesildim ben<\/p>\n<p>En \u00e7ok da seni g\u00f6r\u00fcnce<\/p>\n<p>Yapa yanl\u0131z<\/p>\n<p>O kocam\u0131\u015f \u0130stanbulun<\/p>\n<p>\u00e7\u0131plak kald\u0131r\u0131mlar\u0131nda<\/p>\n<p>Ay kocaman s\u0131rt\u0131mda<\/p>\n<p>Deniz ulu \u00f6n\u00fcmde<\/p>\n<p>D\u00fc\u015fm\u00fc\u015f\u00fcm ate\u015fine g\u00f6zlerinin<\/p>\n<p>Kerem gibi yanmak da ne<!--:--><!--:ja--><\/p>\n<p><style>\u00a0<!--\n \/* Font Definitions *\/\n@font-face\n\t{font-family:\"Times New Roman\";\n\tpanose-1:0 2 2 6 3 5 4 5 2 3;\n\tmso-font-charset:0;\n\tmso-generic-font-family:auto;\n\tmso-font-pitch:variable;\n\tmso-font-signature:50331648 0 0 0 1 0;}\n@font-face\n\t{font-family:Century;\n\tpanose-1:0 2 4 6 4 5 5 5 2 3;\n\tmso-font-charset:0;\n\tmso-generic-font-family:auto;\n\tmso-font-pitch:variable;\n\tmso-font-signature:50331648 0 0 0 1 0;}\n@font-face\n\t{font-family:\"MS Mincho\";\n\tmso-font-alt:\"\uff2d\uff33 \u660e\u671d\";\n\tmso-font-charset:128;\n\tmso-generic-font-family:modern;\n\tmso-font-pitch:fixed;\n\tmso-font-signature:-1610612033 1757936891 16 0 131231 0;}\n \/* Style Definitions *\/\np.MsoNormal, li.MsoNormal, div.MsoNormal\n\t{mso-style-parent:\"\";\n\tmargin:0cm;\n\tmargin-bottom:.0001pt;\n\ttext-align:justify;\n\tmso-pagination:none;\n\tfont-size:10.5pt;\n\tfont-family:Century;\n\tmso-font-kerning:1.0pt;\n\tmso-ansi-language:TR;\n\tmso-fareast-language:JA;}\ntable.MsoNormalTable\n\t{mso-style-parent:\"\";\n\tfont-size:10.0pt;\n\tfont-family:\"Times New Roman\";}\n@page Section1\n\t{size:612.0pt 792.0pt;\n\tmargin:70.85pt 70.85pt 2.0cm 70.85pt;\n\tmso-header-margin:36.0pt;\n\tmso-footer-margin:36.0pt;\n\tmso-paper-source:0;}\ndiv.Section1\n\t{page:Section1;}\n-->\n<\/style>\n<\/p>\n<p class=\"MsoNormal\"><span lang=\"TR\"><b>Garip bir \u0130stanbul Sonbahar\u0131<\/b><\/span><\/p>\n<p>&nbsp;<\/p>\n<p class=\"MsoNormal\"><span lang=\"TR\">Oturmu\u015fum denizin mavisine<\/span><\/p>\n<p class=\"MsoNormal\"><span lang=\"TR\">R&uuml;zgar deli, poyrazdan eser<\/span><\/p>\n<p class=\"MsoNormal\"><span lang=\"TR\">Sa&ccedil;lar\u0131n ellerimde<\/span><\/p>\n<p class=\"MsoNormal\"><span lang=\"TR\">&Ouml;yle susam\u0131\u015f\u0131m ki bu g&uuml;n<\/span><\/p>\n<p class=\"MsoNormal\"><span lang=\"TR\">&Ouml;yle susam\u0131\u015f\u0131m ki ya\u015famaya<\/span><\/p>\n<p class=\"MsoNormal\"><span lang=\"TR\">Sensili\u011fimde &ouml;mr&uuml;m&uuml;n<\/span><\/p>\n<p class=\"MsoNormal\"><span lang=\"TR\">&nbsp;<\/span><\/p>\n<p class=\"MsoNormal\"><span lang=\"TR\">Kayalara salmi\u015fim kendimi<\/span><\/p>\n<p class=\"MsoNormal\"><span lang=\"TR\">Deniz poyrazdan vurur hep<\/span><\/p>\n<p class=\"MsoNormal\"><span lang=\"TR\">Ben g&ouml;zlerinin mavisine d&uuml;\u015f&uuml;nce<\/span><\/p>\n<p class=\"MsoNormal\"><span lang=\"TR\">&nbsp;<\/span><\/p>\n<p class=\"MsoNormal\"><span lang=\"TR\">Ne de &ccedil;ok kocam\u0131\u015f Istanbul<\/span><\/p>\n<p class=\"MsoNormal\"><span lang=\"TR\">Sensizli\u011finde &ouml;mr&uuml;m&uuml;n<\/span><\/p>\n<p class=\"MsoNormal\"><span lang=\"TR\">&nbsp;<\/span><\/p>\n<p class=\"MsoNormal\"><span lang=\"TR\">Bir asi dalgaya d&uuml;\u015ft&uuml;m ki<\/span><\/p>\n<p class=\"MsoNormal\"><span lang=\"TR\">Seni g&ouml;rd&uuml;\u011f&uuml;mden beri<\/span><\/p>\n<p class=\"MsoNormal\"><span lang=\"TR\">O &ccedil;\u0131plak \u0130stanbul kald\u0131r\u0131m\u0131nda <\/span><\/p>\n<p class=\"MsoNormal\">yapa yanl\u0131z<\/p>\n<p class=\"MsoNormal\"><span lang=\"TR\">&nbsp;<\/span><\/p>\n<p class=\"MsoNormal\"><span lang=\"TR\">En &ccedil;ok da <\/span><\/p>\n<p class=\"MsoNormal\"><span lang=\"TR\">seni ilk g&ouml;rd&uuml;\u011f&uuml;m g&uuml;nler &uuml;\u015f&uuml;\u015f&uuml;r yad\u0131ma<\/span><\/p>\n<p class=\"MsoNormal\"><span lang=\"TR\">Ve seninle sabahlad\u0131\u011f\u0131m\u0131z geceler<\/span><\/p>\n<p class=\"MsoNormal\"><span lang=\"TR\">Ay \u0131\u015f\u0131\u011f\u0131n\u0131n hep &uuml;zerimizde d&ouml;nd&uuml;\u011f&uuml; geceler<\/span><\/p>\n<p class=\"MsoNormal\"><span lang=\"TR\">O \u0130stanbulun umutalara ko\u015fu\u015ftu\u011fu geceler<\/span><\/p>\n<p class=\"MsoNormal\"><span lang=\"TR\">&nbsp;<\/span><\/p>\n<p class=\"MsoNormal\"><span lang=\"TR\">Bitmi\u015f \u015fimdi umutlar, kocam\u0131\u015f \u0130stanbul<\/span><\/p>\n<p class=\"MsoNormal\"><span lang=\"TR\">Yoksullu\u011fa d&uuml;\u015fm&uuml;\u015f umut<\/span><\/p>\n<p class=\"MsoNormal\"><span lang=\"TR\">\u015eaire kesilmi\u015f sokaklar<\/span><\/p>\n<p class=\"MsoNormal\"><span lang=\"TR\">&nbsp;<\/span><\/p>\n<p class=\"MsoNormal\"><span lang=\"TR\">\u015eiire kesildim ben <\/span><\/p>\n<p class=\"MsoNormal\"><span lang=\"TR\">En &ccedil;ok da seni g&ouml;r&uuml;nce<\/span><\/p>\n<p class=\"MsoNormal\"><span lang=\"TR\">Yapa yanl\u0131z<\/span><\/p>\n<p class=\"MsoNormal\"><span lang=\"TR\">O kocam\u0131\u015f \u0130stanbulun <\/span><\/p>\n<p class=\"MsoNormal\" style=\"text-indent:42.0pt\"><span lang=\"TR\">&ccedil;\u0131plak kald\u0131r\u0131mlar\u0131nda<\/span><\/p>\n<p class=\"MsoNormal\"><span lang=\"TR\">Ay kocaman s\u0131rt\u0131mda<\/span><\/p>\n<p class=\"MsoNormal\"><span lang=\"TR\">Deniz ulu &ouml;n&uuml;mde<\/span><\/p>\n<p class=\"MsoNormal\"><span lang=\"TR\">D&uuml;\u015fm&uuml;\u015f&uuml;m ate\u015fine g&ouml;zlerinin<\/span><\/p>\n<p class=\"MsoNormal\"><span lang=\"TR\">Kerem gibi yanmak da ne<\/span><\/p>\n<p><!--:--><\/p>\n","protected":false},"excerpt":{"rendered":"<p>&nbsp; Garip bir \u0130stanbul Sonbahar\u0131 Oturmu\u015fum denizin mavisine R\u00fczgar deli, poyrazdan eser Sa\u00e7lar\u0131n ellerimde \u00d6yle susam\u0131\u015f\u0131m ki bu g\u00fcn \u00d6yle susam\u0131\u015f\u0131m ki ya\u015famaya Sensili\u011fimde \u00f6mr\u00fcm\u00fcn &nbsp; Kayalara salmi\u015fim kendimi Deniz poyrazdan vurur hep Ben g\u00f6zlerinin mavisine d\u00fc\u015f\u00fcnce &nbsp; Ne de \u00e7ok kocam\u0131\u015f Istanbul Sensizli\u011finde \u00f6mr\u00fcm\u00fcn &nbsp; Bir asi dalgaya d\u00fc\u015ft\u00fcm ki Seni g\u00f6rd\u00fc\u011f\u00fcmden beri O [&hellip;]<\/p>\n","protected":false},"author":1,"featured_media":0,"parent":47,"menu_order":8,"comment_status":"open","ping_status":"closed","template":"","meta":{"footnotes":""},"class_list":["post-204","page","type-page","status-publish","hentry"],"jetpack_sharing_enabled":true,"_links":{"self":[{"href":"https:\/\/yucelaydemir.com\/index.php?rest_route=\/wp\/v2\/pages\/204","targetHints":{"allow":["GET"]}}],"collection":[{"href":"https:\/\/yucelaydemir.com\/index.php?rest_route=\/wp\/v2\/pages"}],"about":[{"href":"https:\/\/yucelaydemir.com\/index.php?rest_route=\/wp\/v2\/types\/page"}],"author":[{"embeddable":true,"href":"https:\/\/yucelaydemir.com\/index.php?rest_route=\/wp\/v2\/users\/1"}],"replies":[{"embeddable":true,"href":"https:\/\/yucelaydemir.com\/index.php?rest_route=%2Fwp%2Fv2%2Fcomments&post=204"}],"version-history":[{"count":8,"href":"https:\/\/yucelaydemir.com\/index.php?rest_route=\/wp\/v2\/pages\/204\/revisions"}],"predecessor-version":[{"id":425,"href":"https:\/\/yucelaydemir.com\/index.php?rest_route=\/wp\/v2\/pages\/204\/revisions\/425"}],"up":[{"embeddable":true,"href":"https:\/\/yucelaydemir.com\/index.php?rest_route=\/wp\/v2\/pages\/47"}],"wp:attachment":[{"href":"https:\/\/yucelaydemir.com\/index.php?rest_route=%2Fwp%2Fv2%2Fmedia&parent=204"}],"curies":[{"name":"wp","href":"https:\/\/api.w.org\/{rel}","templated":true}]}}