{"id":239,"date":"2011-12-06T18:47:59","date_gmt":"2011-12-06T17:47:59","guid":{"rendered":"http:\/\/yucelaydemir.de\/wp\/?page_id=239"},"modified":"2011-12-09T19:21:31","modified_gmt":"2011-12-09T18:21:31","slug":"film","status":"publish","type":"page","link":"https:\/\/yucelaydemir.com\/?page_id=239","title":{"rendered":"Film"},"content":{"rendered":"<p><!--:tr-->Sumiko Shoji ve Y\u00fccel Aydemir ortak yap\u0131m\u0131 filimleri yak\u0131nda buradan izleyebilirsiniz.<\/p>\n<p>1. Die andere Seite, (\u00d6b\u00fcr y\u00fcz\u00fc)<\/p>\n<p>2. Tr\u00fcber Regen (\u00d6l\u00fcm ya\u011fmurlar\u0131)<\/p>\n<p>3. Wo das Wasser fliesst (Suyun Akt\u0131\u011f\u0131 yerde)<!--:--><\/p>\n","protected":false},"excerpt":{"rendered":"<p>Sumiko Shoji ve Y\u00fccel Aydemir ortak yap\u0131m\u0131 filimleri yak\u0131nda buradan izleyebilirsiniz. 1. Die andere Seite, (\u00d6b\u00fcr y\u00fcz\u00fc) 2. Tr\u00fcber Regen (\u00d6l\u00fcm ya\u011fmurlar\u0131) 3. Wo das Wasser fliesst (Suyun Akt\u0131\u011f\u0131 yerde)<\/p>\n","protected":false},"author":1,"featured_media":0,"parent":47,"menu_order":0,"comment_status":"open","ping_status":"closed","template":"","meta":{"footnotes":""},"class_list":["post-239","page","type-page","status-publish","hentry"],"jetpack_sharing_enabled":true,"_links":{"self":[{"href":"https:\/\/yucelaydemir.com\/index.php?rest_route=\/wp\/v2\/pages\/239","targetHints":{"allow":["GET"]}}],"collection":[{"href":"https:\/\/yucelaydemir.com\/index.php?rest_route=\/wp\/v2\/pages"}],"about":[{"href":"https:\/\/yucelaydemir.com\/index.php?rest_route=\/wp\/v2\/types\/page"}],"author":[{"embeddable":true,"href":"https:\/\/yucelaydemir.com\/index.php?rest_route=\/wp\/v2\/users\/1"}],"replies":[{"embeddable":true,"href":"https:\/\/yucelaydemir.com\/index.php?rest_route=%2Fwp%2Fv2%2Fcomments&post=239"}],"version-history":[{"count":7,"href":"https:\/\/yucelaydemir.com\/index.php?rest_route=\/wp\/v2\/pages\/239\/revisions"}],"predecessor-version":[{"id":421,"href":"https:\/\/yucelaydemir.com\/index.php?rest_route=\/wp\/v2\/pages\/239\/revisions\/421"}],"up":[{"embeddable":true,"href":"https:\/\/yucelaydemir.com\/index.php?rest_route=\/wp\/v2\/pages\/47"}],"wp:attachment":[{"href":"https:\/\/yucelaydemir.com\/index.php?rest_route=%2Fwp%2Fv2%2Fmedia&parent=239"}],"curies":[{"name":"wp","href":"https:\/\/api.w.org\/{rel}","templated":true}]}}