{"id":248,"date":"2011-12-06T18:55:15","date_gmt":"2011-12-06T17:55:15","guid":{"rendered":"http:\/\/yucelaydemir.de\/wp\/?page_id=248"},"modified":"2014-04-02T17:44:49","modified_gmt":"2014-04-02T15:44:49","slug":"hamilelerin-su-ve-tuz-ihtiyaci","status":"publish","type":"page","link":"https:\/\/yucelaydemir.com\/?page_id=248","title":{"rendered":"Hamilelerin su &#038; tuz ihtiyac\u0131"},"content":{"rendered":"<p><!--:en--><\/p>\n<p style=\"text-align: justify;\"><strong>Neden hamilelerin daha fazla tuzlu suya iht\u0131yac\u0131 vard\u0131r<\/strong><\/p>\n<table border=\"0\" cellspacing=\"1\" cellpadding=\"1\">\n<tbody>\n<tr>\n<td><img fetchpriority=\"high\" decoding=\"async\" class=\"aligncenter\" alt=\"\" src=\"http:\/\/www.yasamingizemi.com\/images\/uploads\/image\/2.jpg\" width=\"416\" height=\"275\" \/><\/td>\n<\/tr>\n<tr>\n<td>Resimde g\u00f6r\u00fcld\u00fc\u011f\u00fc gibi bir bebek tuzlu suyun i\u00e7erisinde ya\u015far. T\u00fcrkcemizde bu suya BA\u015eSUYU denir. Bu adland\u0131rma tesad\u00fcf\u00fc de\u011fildir. Ya\u015fam i\u00e7in ne temel, en ba\u015f su tuzlusudur. Bunu bizden \u00f6nce gelen bilgeler farketmi\u015fler ve ad\u0131na ba\u015fsuyu demi\u015flerr. Her nedense t\u00fcrkcedeki bu g\u00fczelim s\u00f6zc\u00fck, i\u00e7eri\u011fi bir bilgelik ta\u015f\u0131yan bu s\u00f6zc\u00fck hele ki sa\u011fl\u0131k sistemleri taraf\u0131ndan hi\u00e7 kullan\u0131lmaz. Oysa biz nesneleri birbirinden adlar\u0131yla ay\u0131rt ederiz. E\u011fer bir ad bize bir\u015fey s\u00f6ylemiyorsa onun ne ay\u0131rd\u0131na var\u0131r\u0131z ne de \u00f6nemini anlar\u0131z.<\/td>\n<\/tr>\n<\/tbody>\n<\/table>\n<p>Bu sadece o bebe\u011fi saklamak i\u00e7in de\u011fil ayn\u0131 zamanda beslemek i\u00e7indir de. Bu y\u00fczden anne bebe\u011fin b\u00fcy\u00fckl\u00fc\u011f\u00fcne g\u00f6re s\u00fcrekli bu suyu de\u011fi\u015ftirmek zorundad\u0131r. Bu genel olarak bilinen olayd\u0131r. \u00d6zellikle bebek be\u015f ayl\u0131k olduktan sonra hemen her iki g\u00fcnde bir bu suyu de\u011fi\u015ftirmek zorundad\u0131r. E\u011fer de\u011fi\u015ftiremez ise bebek ana rahminde zehirlenir.<\/p>\n<p>Bilinmeyen ise \u015fudur. E\u011fer anne yeterince su i\u00e7mez ve tuz yemez ise, bu suyu nereden al\u0131p bebe\u011fin ya\u015famas\u0131 i\u00e7in haz\u0131rlayacakt\u0131r. Bu \u00e7ok basit bir mant\u0131ki sonu\u00e7tur ki anne i\u00e7erek al\u0131r. E\u011fer anne bunu bilmez yada su yerine ba\u015fka \u015feyler i\u00e7erse ne olur. Bu kez bebek bunu annenin v\u00fccudundan \u00e7eker. Nas\u0131l \u00e7eker, annenin kaslar\u0131n\u0131 kemiklerini \u00e7\u00f6zerek.<\/p>\n<p>\u0130\u015fte bu y\u00fczden hamilelikle birlikte ortaya \u00e7\u0131kan ve her sonraki hamilelikte daha da b\u00fcy\u00fcyen sa\u011fl\u0131k sorunlar\u0131 \u015funlard\u0131r<\/p>\n<p>1. Ba\u015f d\u00f6nmesi, mide bulant\u0131s\u0131, ba\u015f a\u011fr\u0131s\u0131, migren.<\/p>\n<p>2. Bel a\u011fr\u0131s\u0131.<\/p>\n<p>3. Di\u015f kanamalar\u0131<\/p>\n<p>4. Sa\u00e7 d\u00f6k\u00fclmesi<\/p>\n<p>5. Kemik a\u011fr\u0131lar\u0131, romatizma, kemik erimesi<\/p>\n<p>6. Y\u00fcksek tansiyon<\/p>\n<p>7. \u015eeker<\/p>\n<p>Bu rahats\u0131zl\u0131klar ikinci do\u011fumdan sonra kal\u0131c\u0131 olamaya ba\u015flar.Kad\u0131nlarda erkeklere g\u00f6re 3 kat daha kemik erimesi g\u00f6r\u00fclmesinin as\u0131l sebebi budur.<\/p>\n<p>Asl\u0131nda bu do\u011fada annenin iste\u011fine b\u0131rak\u0131lmam\u0131\u015ft\u0131r. Bu y\u00fczden otomatik olarak hamile kalan insanlar\u0131n i\u015ftah\u0131 a\u00e7\u0131l\u0131r. \u00d6zellikle sebze ve meyveye, tur\u015fuya zeytine d\u00fc\u015fk\u00fcnl\u00fck ba\u015flar. Bu asl\u0131nda hamilelikle devreye giren bebe\u011fin beslenme mekanizmalar\u0131d\u0131r.<\/p>\n<p>Do\u011fada bu konuda hi\u00e7bir hayvan yanl\u0131\u015f yapmaz, ancak modern toplumlar\u0131n \u00e7ok basit bir \u00e7\u0131kmaz\u0131 vard\u0131r. O \u00e7\u0131kmaz ise bilgidir. Bilgi ise y\u00fckl\u00fcd\u00fcr. Daha do\u011fru bir deyimle kirlidir. Modern toplumlar\u0131n geli\u015fmesinden bu yana, hemen her bilgi ya pazar yaratmak amac\u0131yla, ya da var olan pazar\u0131 korumak ve geni\u015fletmek amac\u0131yla yap\u0131l\u0131r. Tabiki bu bilgi \u00fcretimi gittikce karma\u015f\u0131kla\u015f\u0131p kompleks hale gelince, art\u0131k bu bilgiyi ne kontrol etme olana\u011f\u0131m\u0131z ne de do\u011frulama olana\u011f\u0131m\u0131z kalm\u0131\u015ft\u0131r. Bu bilgi karma\u015fas\u0131nda\u00a0 \u00e7o\u011fumuzun tuttu\u011fu bir yol vard\u0131r. Bu yol ise, ya toplumsal olarak uzmanla\u015ft\u0131rd\u0131\u011f\u0131m\u0131z ki\u015filerin\u00a0 bilgisine s\u0131\u011f\u0131nmak ya da\u00a0 inand\u0131\u011f\u0131m\u0131z, g\u00fcvendi\u011fimiz birisine sormak. Bu konuda ikisinin bilgisinin, sadece yarg\u0131lardan olu\u015ftu\u011fu hi\u00e7 akl\u0131m\u0131za gelmez. Yarg\u0131lar ise o ki\u015filerin do\u011frular\u0131 ve yanl\u0131\u015flar\u0131yla s\u0131n\u0131rl\u0131d\u0131r.<\/p>\n<p>Halbuki bu konuda yolumuzu bulmak i\u00e7in en \u00f6nemli \u00f6l\u00e7\u00fc arac\u0131 v\u00fccudumuzun kendisidir. Hamile iken insan\u0131n can\u0131 bir\u015feyleri daha \u00e7ok \u00e7ekmesi bo\u015funa de\u011fildir. Bu y\u00fczden v\u00fccudumuzu do\u011fru anlamam\u0131z bize en bilge yoldur. Dikkat etmemiz gereken en \u00f6nemli \u015fey ise v\u00fccudumuzun i\u015fte\u011fini yerine getirirken yanl\u0131\u015f nesnelerden uzak durmam\u0131z gerekir. Bunu nas\u0131l yapar\u0131z? Bu da asl\u0131nda olduk\u00e7a basittir. Can\u0131n\u0131nz i\u00e7mek istiyorsa sadece su i\u00e7eceksiniz, en do\u011fal\u0131ndan. Do\u011fa ne \u00e7ay\u0131 ne colay\u0131 tan\u0131r. Siz i\u015fmek istedi\u011finiz zaman su yerine bunlar\u0131 i\u015ferseniz yanl\u0131\u015f\u0131n\u0131z gene b\u00fcy\u00fcr.<\/p>\n<p>Can\u0131n\u0131z yemek istiyorsa gene en do\u011fal\u0131n\u0131 yemeniz gerekir. Bunun yerine ekonominiz yetiyor diye her ak\u015fam restoranlarda t\u0131ka basa yerseniz gene yanl\u0131\u015f yapm\u0131\u015f olursunuz.<\/p>\n<p>Bayanlar\u0131n periyot dinemlerinde d\u00fc\u015ft\u00fc\u011f\u00fc sa\u011fl\u0131k sorunlar\u0131n\u0131n sebebi de ayn\u0131d\u0131r. V\u00fccut bebek i\u00e7in haz\u0131rlad\u0131\u011f\u0131 suyu, anne hamile kalmay\u0131nca d\u0131\u015far\u0131 atar. Bu at\u0131lan\u0131n yerine yenisini haz\u0131rlamak zorundad\u0131r. Bu y\u00fczden gene benzeri s\u0131k\u0131nt\u0131lar artar. Var olan sorunlar ise a\u011f\u0131rla\u015f\u0131r.<\/p>\n<p>Bu ki\u015filere \u00f6nerimiz tuzlu su k\u00fcr\u00fcn\u00fc \u00f6zellikle hamilelerde oldu\u011fu gibi, periyot d\u00f6nemi ba\u015flamadan birka\u00e7 g\u00fcn \u00f6nce att\u0131rmakt\u0131r.<\/p>\n<p>Bug\u00fcn gen\u00f6 bayanlar\u0131n hamile kalamamas\u0131n\u0131n, d\u00fc\u015f\u00fck ve \u00f6l\u00fc do\u011fumlar\u0131n birinci sebebi, annenin yeterince ba\u015f suyu \u011feretememeleridir. \u0130kinci sebebi ise y\u00fcksek derecede iyonise (cep telefonlar\u0131 ve kablosoz telefonlar\u0131n\u00fc baz istasyonlar\u0131n\u0131n) radyasyona tabi kalmalar\u0131d\u0131r.<\/p>\n<p><span style=\"color: #000000;\"><span style=\"font-family: Times New Roman,serif;\">Yeterince ba\u015f suyu \u00fcretemeyen anneler \u00e7ocuklar\u0131n\u0131 erken d\u00fcnyaya getirmek zorunda kalmaktad\u0131rlar. Bu \u00e7ocuklar\u0131n hemen hepsi sezeryan ile al\u0131nmaktad\u0131r. Sezeryan ile d\u00fcnyaya gelen \u00e7ocuklar anne s\u00fct\u00fc de alamad\u0131klar\u0131 i\u00e7in haz\u0131r mama ile beslenmekteler. B\u00fct\u00fcn bu olumsuz ya\u015fam ko\u015fullar\u0131 bu \u00e7ocuklar\u0131n \u00e7ocuk ya\u015flarda alerjik hastal\u0131klarla ast\u0131ma ve di\u011fer a\u011f\u0131r hastal\u0131klara d\u00fc\u015fmelerine sebep olmaktad\u0131r. <\/span><\/span><\/p>\n<p>&nbsp;<\/p>\n<p>Y\u00fccel Aydemir<\/p>\n<p><!--:--><\/p>\n","protected":false},"excerpt":{"rendered":"<p>Neden hamilelerin daha fazla tuzlu suya iht\u0131yac\u0131 vard\u0131r Resimde g\u00f6r\u00fcld\u00fc\u011f\u00fc gibi bir bebek tuzlu suyun i\u00e7erisinde ya\u015far. T\u00fcrkcemizde bu suya BA\u015eSUYU denir. Bu adland\u0131rma tesad\u00fcf\u00fc de\u011fildir. Ya\u015fam i\u00e7in ne temel, en ba\u015f su tuzlusudur. Bunu bizden \u00f6nce gelen bilgeler farketmi\u015fler ve ad\u0131na ba\u015fsuyu demi\u015flerr. Her nedense t\u00fcrkcedeki bu g\u00fczelim s\u00f6zc\u00fck, i\u00e7eri\u011fi bir bilgelik ta\u015f\u0131yan bu [&hellip;]<\/p>\n","protected":false},"author":1,"featured_media":0,"parent":129,"menu_order":0,"comment_status":"open","ping_status":"closed","template":"","meta":{"footnotes":""},"class_list":["post-248","page","type-page","status-publish","hentry"],"jetpack_sharing_enabled":true,"_links":{"self":[{"href":"https:\/\/yucelaydemir.com\/index.php?rest_route=\/wp\/v2\/pages\/248","targetHints":{"allow":["GET"]}}],"collection":[{"href":"https:\/\/yucelaydemir.com\/index.php?rest_route=\/wp\/v2\/pages"}],"about":[{"href":"https:\/\/yucelaydemir.com\/index.php?rest_route=\/wp\/v2\/types\/page"}],"author":[{"embeddable":true,"href":"https:\/\/yucelaydemir.com\/index.php?rest_route=\/wp\/v2\/users\/1"}],"replies":[{"embeddable":true,"href":"https:\/\/yucelaydemir.com\/index.php?rest_route=%2Fwp%2Fv2%2Fcomments&post=248"}],"version-history":[{"count":10,"href":"https:\/\/yucelaydemir.com\/index.php?rest_route=\/wp\/v2\/pages\/248\/revisions"}],"predecessor-version":[{"id":2003,"href":"https:\/\/yucelaydemir.com\/index.php?rest_route=\/wp\/v2\/pages\/248\/revisions\/2003"}],"up":[{"embeddable":true,"href":"https:\/\/yucelaydemir.com\/index.php?rest_route=\/wp\/v2\/pages\/129"}],"wp:attachment":[{"href":"https:\/\/yucelaydemir.com\/index.php?rest_route=%2Fwp%2Fv2%2Fmedia&parent=248"}],"curies":[{"name":"wp","href":"https:\/\/api.w.org\/{rel}","templated":true}]}}