{"id":389,"date":"2011-12-08T14:28:39","date_gmt":"2011-12-08T13:28:39","guid":{"rendered":"http:\/\/yucelaydemir.de\/wp\/?page_id=389"},"modified":"2014-04-02T17:34:12","modified_gmt":"2014-04-02T15:34:12","slug":"himalaya-tuzunu-nasil-kullanirim","status":"publish","type":"page","link":"https:\/\/yucelaydemir.com\/?page_id=389","title":{"rendered":"Himalaya tuzunu nas\u0131l kullan\u0131r\u0131m"},"content":{"rendered":"<p><!--:tr-->Prensip \u015fu. V\u00fccut suyuna e\u015f de\u011ferde bir tuzlu su i\u00e7mek. \u0130\u015fte bunu nas\u0131l beceririm. Bunun \u00e7e\u015fitli metodlar\u0131 var. Sabit bir kurala ba\u011flamak do\u011fru de\u011fildir. \u00d6rne\u011fin bunu hastahanede Serum fizyolojik diye bilinen tuzlu su iyne ile damardan verilir. \u015eimdi onlar\u0131n damardan iyne ile verdi\u011fini biz nas\u0131l i\u00e7eriz onu anlatal\u0131m.<\/p>\n<p>1. Himalaya tuzunu bir cam kavanoza koyarak, \u00fczerine tuzu bir parmak ge\u00e7inceye kadar su eklenir. Yar\u0131m saat sonra kar\u0131\u015ft\u0131r\u0131ld\u0131\u011f\u0131nda doymu\u015f bir tuzlu su \u00e7\u00f6zeltisi elde edilir.<\/p>\n<p>2. Bu doymu\u015f \u00e7\u00f6zeltiden i\u00e7ece\u011fimiz suya bu \u00e7\u00f6zeltiden kat\u0131larak i\u00e7ilir.<\/p>\n<p>3. Ne kadar tuz: Prensip bir litre suya 1 ile 1,5 gr tuz katarak i\u00e7mek. Bu gen\u00e7lerde ilk g\u00fcnden itibaren g\u00fcnde 3 litre tuzlu su ile ba\u015flanabilir. Ancak ya\u015fl\u0131larda, tansiyon hastalar\u0131nda, \u015feker hastalar\u0131nda, kalp hastalar\u0131nda birinci g\u00fcnden tam miktarlarda ba\u015flamak do\u011fru de\u011fildir. Nas\u0131l ki \u00e7\u00f6lde dola\u015fm\u0131\u015f insanlara birden su verilmez, \u00f6nce dudaklar\u0131na s\u00fcr\u00fcl\u00fcr su, sonra da yava\u015f yava\u015f i\u00e7irtilir, ayn\u0131 o \u015fekilde on y\u0131llarca su ve tuz g\u00f6rmemi\u015f v\u00fccutlara birden su verdi\u011finiz zaman, \u00e7\u00f6lden \u00e7\u0131km\u0131\u015f i\u00f6sana su vermek gibi y\u0131k\u0131c\u0131 bir etki yapar. \u0130\u015fte bu y\u0131k\u0131c\u0131 etkiyi \u00f6nlemek i\u00e7in ak\u0131ll\u0131 bir \u015fekilde v\u00fccuda yava\u015f yava\u015f su vermek gerekir. Bir hafta i\u00e7erisinde de istenilen d\u00fczeye ula\u015ft\u0131r\u0131l\u0131r.<\/p>\n<p>Y\u00fccel Aydemir<!--:--><!--:de--><br \/>\n<!--:--><!--:en--><br \/>\n<!--:--><!--:ja--><br \/>\n<!--:--><!--:nl--><br \/>\n<!--:--><\/p>\n","protected":false},"excerpt":{"rendered":"<p>Prensip \u015fu. V\u00fccut suyuna e\u015f de\u011ferde bir tuzlu su i\u00e7mek. \u0130\u015fte bunu nas\u0131l beceririm. Bunun \u00e7e\u015fitli metodlar\u0131 var. Sabit bir kurala ba\u011flamak do\u011fru de\u011fildir. \u00d6rne\u011fin bunu hastahanede Serum fizyolojik diye bilinen tuzlu su iyne ile damardan verilir. \u015eimdi onlar\u0131n damardan iyne ile verdi\u011fini biz nas\u0131l i\u00e7eriz onu anlatal\u0131m. 1. Himalaya tuzunu bir cam kavanoza koyarak, [&hellip;]<\/p>\n","protected":false},"author":1,"featured_media":0,"parent":0,"menu_order":0,"comment_status":"open","ping_status":"closed","template":"","meta":{"footnotes":""},"class_list":["post-389","page","type-page","status-publish","hentry"],"jetpack_sharing_enabled":true,"_links":{"self":[{"href":"https:\/\/yucelaydemir.com\/index.php?rest_route=\/wp\/v2\/pages\/389","targetHints":{"allow":["GET"]}}],"collection":[{"href":"https:\/\/yucelaydemir.com\/index.php?rest_route=\/wp\/v2\/pages"}],"about":[{"href":"https:\/\/yucelaydemir.com\/index.php?rest_route=\/wp\/v2\/types\/page"}],"author":[{"embeddable":true,"href":"https:\/\/yucelaydemir.com\/index.php?rest_route=\/wp\/v2\/users\/1"}],"replies":[{"embeddable":true,"href":"https:\/\/yucelaydemir.com\/index.php?rest_route=%2Fwp%2Fv2%2Fcomments&post=389"}],"version-history":[{"count":14,"href":"https:\/\/yucelaydemir.com\/index.php?rest_route=\/wp\/v2\/pages\/389\/revisions"}],"predecessor-version":[{"id":1982,"href":"https:\/\/yucelaydemir.com\/index.php?rest_route=\/wp\/v2\/pages\/389\/revisions\/1982"}],"wp:attachment":[{"href":"https:\/\/yucelaydemir.com\/index.php?rest_route=%2Fwp%2Fv2%2Fmedia&parent=389"}],"curies":[{"name":"wp","href":"https:\/\/api.w.org\/{rel}","templated":true}]}}