{"id":471,"date":"2011-12-27T10:03:01","date_gmt":"2011-12-27T09:03:01","guid":{"rendered":"http:\/\/yucelaydemir.de\/wp\/?page_id=471"},"modified":"2014-04-02T17:28:48","modified_gmt":"2014-04-02T15:28:48","slug":"1-baskiya-onsoz","status":"publish","type":"page","link":"https:\/\/yucelaydemir.com\/?page_id=471","title":{"rendered":"1. Bask\u0131ya \u00f6ns\u00f6z"},"content":{"rendered":"<p><!--:tr-->\u00d6ns\u00f6z<\/p>\n<p>2007 y\u0131l\u0131 bahar\u0131nda arkada\u015f\u0131m Nurettin Y\u0131lmaz, kansere yakaland\u0131. Durup dururken Nurettin\u2019in kanser olmas\u0131, herkesi \u015fa\u015fk\u0131na \u00e7evirdi. \u00c7\u00fcnk\u00fc o, \u00e7evremizdeki insanlar\u0131n i\u00e7inde\u00a0 kendisine en iyi bakanlardan biriydi. Herkes onun olduk\u00e7a sa\u011fl\u0131kl\u0131 oldu\u011funu bilirdi. Ta ki doktora gidip de kanser te\u015fhisi konuluncaya kadar. Sal\u0131na sal\u0131na doktora gidip te ne zaman \u00f6lece\u011finin hesab\u0131n\u0131 yaparak eve geri d\u00f6nmek olduk\u00e7a zor olsa gerek!<br \/>\nNe garip bir tesad\u00fcft\u00fcr ki ben, en yak\u0131n arkada\u015f\u0131m\u0131n kanser oldu\u011fu haberini ald\u0131\u011f\u0131mda, tuz \u00fczerine yeni yeni bilgiler ediniyordum. Biraz sezi, biraz umutla,\u00a0 birka\u00e7 kilo Himalaya kristal tuzu yan\u0131ma al\u0131p, hastahanede arkada\u015f\u0131m\u0131 g\u00f6rmeye gittim. Her ne kadar d\u0131\u015far\u0131 yans\u0131tmamaya \u00e7al\u0131\u015fsa da, \u00f6l\u00fcm\u00fcn so\u011fuk y\u00fcz\u00fcn\u00fcn, arkada\u015f\u0131m\u0131 bir karabasan gibi sard\u0131\u011f\u0131n\u0131 g\u00f6rd\u00fcm.<br \/>\nV\u00fccudunda hi\u00e7bir rahats\u0131zl\u0131\u011f\u0131 olmayan birinin, \u00f6l\u00fcm\u00fc beklemesi olduk\u00e7a garipti. Bu gariplik, hastaneye arkada\u015f\u0131m\u0131 ziyarete gitti\u011fimde daha da b\u00fcy\u00fcy\u00fcp belirginle\u015fti. Almanya\u2019ya geri d\u00f6ner d\u00f6nmez kafamdaki bu garip soruyu gidermek i\u00e7in ara\u015ft\u0131rmaya ba\u015flad\u0131m. Kanser \u00fczerine yaz\u0131lm\u0131\u015f b\u00fct\u00fcn kitaplar\u0131 dergileri tek tek eve ta\u015f\u0131d\u0131m. Arkada\u015f\u0131m i\u00e7in bu ara\u015ft\u0131rmay\u0131 yaparken, bug\u00fcn toplumun kitlesel olarak sebebi bilinmeyen hastal\u0131klara yakalanma sebeplerinin\u00a0 ipu\u00e7lar\u0131n\u0131 yakalad\u0131m. Hani ne derler, yaray\u0131 de\u015ftik\u00e7e azg\u0131nla\u015f\u0131r misali, biz e\u015ftik\u00e7e mesele de derinle\u015fti. Sonu\u00e7ta \u015funu anlad\u0131m; kanser bir hastal\u0131k de\u011fil. Kanser, bir h\u00fccreler toplulu\u011funun kendine yurt edindi\u011fi v\u00fccut dedi\u011fimiz canl\u0131 organizman\u0131n ya\u015fanmaz hale gelmesi sonucu, beyin taraf\u0131ndan yaln\u0131z ba\u015f\u0131na b\u0131rak\u0131lan h\u00fccre yada h\u00fccre grubunun yeni bir ya\u015fam m\u00fccadelesinden ba\u015fka bir \u015fey de\u011fil.<br \/>\nNas\u0131l ki oksijen, insan ya\u015fam\u0131 i\u00e7in vazge\u00e7ilemez, ba\u015fka hi\u00e7bir \u015feyle de\u011fi\u015ftirilemez, en ya\u015famsal\u00a0 bir madde ise, su ve tuz da insan ya\u015fam\u0131n\u0131n sa\u011fl\u0131kl\u0131 bir \u015fekilde devam edebilmesi i\u00e7in, vazge\u00e7ilemez ve de\u011fi\u015ftirilemez iki besin maddesidir. \u0130nsano\u011flunun su ve tuzun, ya\u015fam i\u00e7in, insan sa\u011fl\u0131\u011f\u0131n\u0131n korunmas\u0131 i\u00e7in \u00f6nemli oldu\u011funu ne zaman ke\u015ffetti\u011fini\u00a0 bilmiyoruz. Belki\u00a0 insano\u011flu da hayvanlar gibi i\u00e7g\u00fcd\u00fcsel olarak bu iki maddeyi ke\u015ffetmi\u015flerdir. Ancak bildi\u011fimiz tek \u015fey, s\u00f6z\u00fcm ona modern toplumlar\u0131n geli\u015fmesiyle, end\u00fcstrinin bu iki maddeyi bozarak elimizden alm\u0131\u015f olmas\u0131d\u0131r. \u0130\u015fin garip taraf\u0131, sa\u011fl\u0131k sistemlerine hemen hemen her toplumda ak\u0131l almaz paralar yat\u0131r\u0131l\u0131rken, ila\u00e7 end\u00fcstrisi i\u00e7in s\u00fcrekli ara\u015ft\u0131rmalar yap\u0131l\u0131rken, ya\u015fam\u0131n olu\u015fmas\u0131nda ve devaml\u0131l\u0131\u011f\u0131nda bu kadar b\u00fcy\u00fck rol oynayan su ve tuz \u00fczerinde, di\u011ferlerine k\u0131yasla yok denecek kadar ara\u015ft\u0131rma yap\u0131lmam\u0131\u015f olmas\u0131 tuhaft\u0131r.<\/p>\n<p>Geleneksel TIP bu iki maddeyi adeta yok saym\u0131\u015ft\u0131r. Ba\u015flang\u0131\u00e7ta Parma end\u00fcstrisinin \u00fcretti\u011fi ila\u00e7larla g\u00f6zleri kama\u015fan, \u00fcretti\u011fi ideolojilerle ba\u015f\u0131 d\u00f6nen TIP, su ve tuzun \u00f6nemini g\u00f6rmemezlikten gelirken, bu g\u00fcn bu b\u00f6b\u00fcrl\u00fc yan\u0131lg\u0131 \u00f6yle bir a\u015famaya ula\u015fm\u0131\u015ft\u0131r ki, art\u0131k bu bilimi icra edenlerin su ve tuzun ne oldu\u011funu bile bilmemelerine kadar varm\u0131\u015ft\u0131r. Ba\u015flang\u0131\u00e7ta bir ba\u015f d\u00f6nmesi heyecan\u0131 iken, bu g\u00fcn bu yan\u0131lg\u0131 sa\u011fl\u0131k sisteminin bir \u00e7\u0131kmaz\u0131 haline gelmi\u015ftir. Tabi\u00ee ki bu sistemin \u00e7\u0131kmaz\u0131n\u0131n kurbanlar\u0131 yaln\u0131zca kitleler de\u011fil ayn\u0131 zamanda bu bilimi icra edenlerin kendileri de olmaktad\u0131r. TIP bir \u015fa\u015fk\u0131nl\u0131k i\u00e7erisindedir. \u00c7\u00fcnk\u00fc \u00e7\u00f6z\u00fcm hi\u00e7 de bu i\u015ften sorumlu olmayan bilim dallar\u0131ndan gelmektedir. Bu da onlar\u0131 rahats\u0131z etmekte agrasivle\u015ftirmektedir.<br \/>\nBelki de i\u015fin en garip yan\u0131 bizim kendini be\u011fenmi\u015f at g\u00f6zl\u00fckl\u00fc perspektife sahip bu ki\u015filerin sorumsuz, ba\u015f\u0131bo\u015f buyruklar\u0131na kan\u0131\u015f\u0131m\u0131zd\u0131r. Bunlar bizim ya\u015fam\u0131m\u0131zla garip garip deneyler yaparken, biz sayg\u0131m\u0131z\u0131 ve ekonomik deste\u011fimizi en c\u00f6mertli\u011fimizle verdik. Bug\u00fcn \u00f6zel bir hastanede sadece basit bir kontrol, asgari \u00fccretin de \u00f6tesindedir. Art\u0131k \u00f6mr\u00fcm\u00fczle ba\u015fkalar\u0131n\u0131 servete kavu\u015fturma \u00e7a\u011f\u0131 geride kald\u0131. \u00c7a\u011f\u0131n kompleksleriyle insano\u011flunun var oldu\u011fundan bu yana edindi\u011fi bilgeli\u011fi bir g\u00f6rg\u00fcs\u00fczl\u00fck havas\u0131 i\u00e7erisinde g\u00f6rmezlikten gelme \u00e7a\u011f\u0131 ge\u00e7ti.<br \/>\nBa\u015flang\u0131\u00e7ta sadece arkada\u015f\u0131m\u0131za bir bilgi olsun diye yapt\u0131\u011f\u0131m\u0131z bu ara\u015ft\u0131rma ve denemelerimizi, gene onun \u00f6nerisi sonucu, okudu\u011funuz bu kitaba d\u00f6n\u00fc\u015ft\u00fcrd\u00fck. Bu kitap olu\u015furken var olan as\u0131l\u00a0 kayg\u0131m\u0131z kitap yazmak de\u011fil, arkada\u015f\u0131m\u0131z\u0131 \u00f6l\u00fcm\u00fcn pen\u00e7esinden nas\u0131l kurtaraca\u011f\u0131m\u0131z\u0131n yolunu bulmakt\u0131. Arkada\u015f\u0131m Nurettin Y\u0131lmaz \u00f6l\u00fcm\u00fc bu kitaptaki bilgiler \u0131\u015f\u0131\u011f\u0131nda yendi. Sadece o mu? \u00d6nce kendim kuruman\u0131n e\u015fi\u011finde oldu\u011fumu anlad\u0131m. Bir taraftan iki y\u0131ld\u0131r kulland\u0131\u011f\u0131m g\u00f6zl\u00fckleri terk ederken ayn\u0131 zamanda v\u00fccudumdaki irili ufakl\u0131 b\u00fct\u00fcn sa\u011fl\u0131k sorunlar\u0131m\u0131 \u00e7\u00f6zd\u00fcm. Her insan\u0131n yapabilece\u011fi gibi hemen \u00e7evremdeki en yak\u0131n akrabamdan sadece merhabala\u015ft\u0131\u011f\u0131m tan\u0131d\u0131\u011f\u0131ma kadar herkese bu bilgileri ula\u015ft\u0131rmaya \u00e7al\u0131\u015ft\u0131m. Karde\u015fim senelerce duvarlara yaslanarak uyumaya \u00e7al\u0131\u015ft\u0131\u011f\u0131 bel a\u011fr\u0131lar\u0131n\u0131 ve migrenlerini alt\u0131 ay gibi k\u0131sa bir s\u00fcrede yendi. E\u015fi kalem tutamayacak hale gelen ve doktorlar\u0131n amelyat olmak zorunda oldu\u011funu s\u00f6yledi\u011fi (ayn\u0131 sorundan amelyat olanlar\u0131n ise birdaha geriye d\u00f6n\u00fc\u015f\u00fc olmaks\u0131z\u0131n k\u00f6t\u00fcle\u015fmesinden dolay\u0131 amelyat olmaktan korktu\u011funu ve bu nedenle amelyat olmad\u0131\u011f\u0131n\u0131 da belirtelim) bileklerini \u00fc\u015f haftal\u0131k bir s\u00fcre i\u00e7erisinde eski haline getirdi.<br \/>\nSenelerce y\u00fcksek tansiyon ila\u00e7lar\u0131 i\u00e7tikleri halde, sadece himalaya tuzuyla yapt\u0131klar\u0131 su kuruyla\u00a0 \u00e7ok k\u0131sa s\u00fcrede bu ila\u00e7lar\u0131n\u0131 terkeden di\u011fer bir\u00e7ok dostlar\u0131m\u0131z. Hepsinin ad\u0131n\u0131 yazmak istemiyoruz. Ancak ilgin\u00e7 olan bir olay\u0131 anlatmakta yarar g\u00f6r\u00fcyorum.<br \/>\nBurada da y\u00fcksek tansiyonu olanlar\u0131n herhangi bir yanl\u0131\u015fl\u0131k yapmamalar\u0131 i\u00e7in, suyu yava\u015f yava\u015f ve dikkatli artt\u0131rmalar\u0131 gerekti\u011fini s\u00f6yl\u00fcyoruz. Bu s\u00f6z kimilerini biraz korkuturken, kimilerini de s\u00f6ylenilenden \u00e7ok, ya\u015famdan edindi\u011fi bilgeli\u011fiyle oldukca y\u00fcreklendirmektedir. Bunlardan birisi de Nurettin Y\u0131lmaz\u2019\u0131n 75 ya\u015f\u0131ndaki annesi. O\u011flunun kanseri nas\u0131l yendi\u011fini g\u00f6r\u00fcnce, on y\u0131ld\u0131r kulland\u0131\u011f\u0131 y\u00fcksek tansiyon ilac\u0131n\u0131 bir seferde kald\u0131r\u0131p \u00e7\u00f6pe at\u0131yor. Bu ailenin di\u011fer \u00fcyelerinde panik yarat\u0131rken, ana kendisinde hi\u00e7bir\u015fey olmad\u0131\u011f\u0131n\u0131, g\u00fcnde en az \u00fc\u00e7 kere kontrol etti\u011fini ve her\u015feyin normal oldu\u011funu s\u00f6yleyerek di\u011ferlerinin korkular\u0131n\u0131 yat\u0131\u015ft\u0131r\u0131yor. Hatta sanki tansiyonunu tehdit edercesine, \u201ce\u011fer \u00e7\u0131karsa suyu biraz daha art\u0131r\u0131r\u0131m\u201d diyor.<br \/>\nBazen kendi kendime, bu ak\u0131lalmaz ara\u015ft\u0131rmay\u0131 yapma nedenini ve g\u00fcc\u00fcn\u00fc nereden buldum diye sorup durdum? Asl\u0131nda do\u011fruyu s\u00f6ylemek gerekirse benimkisi bir g\u00fc\u00e7 de\u011fil bir korkuydu. Nurettin gibi bir dostu kaybedip bu d\u00fcnyada yapayanl\u0131z kalaca\u011f\u0131m\u0131n verdi\u011fi korku. Korkumu yenemedim. O zaman tek bir yol kalm\u0131\u015ft\u0131; zamans\u0131z gelen \u00f6l\u00fcm\u00fc yenmek. Ben \u00f6l\u00fcme sadece bilgi ve tuz ula\u015ft\u0131rd\u0131m, Nurettin ise \u00f6l\u00fcm\u00fcn \u00fcstesinden geldi. Bize verdi\u011fi en g\u00fczel arma\u011fan budur. Bundan sonraki umudumuz ise, gen\u00e7 ya\u015fta hastal\u0131klara ve \u00f6l\u00fcm\u00fcn pen\u00e7esine d\u00fc\u015fen herkese yard\u0131mc\u0131 olmas\u0131d\u0131r.<\/p>\n<p>13.03.2008<br \/>\nY\u00fccel Aydemir<!--:--><\/p>\n","protected":false},"excerpt":{"rendered":"<p>\u00d6ns\u00f6z 2007 y\u0131l\u0131 bahar\u0131nda arkada\u015f\u0131m Nurettin Y\u0131lmaz, kansere yakaland\u0131. Durup dururken Nurettin\u2019in kanser olmas\u0131, herkesi \u015fa\u015fk\u0131na \u00e7evirdi. \u00c7\u00fcnk\u00fc o, \u00e7evremizdeki insanlar\u0131n i\u00e7inde\u00a0 kendisine en iyi bakanlardan biriydi. Herkes onun olduk\u00e7a sa\u011fl\u0131kl\u0131 oldu\u011funu bilirdi. Ta ki doktora gidip de kanser te\u015fhisi konuluncaya kadar. Sal\u0131na sal\u0131na doktora gidip te ne zaman \u00f6lece\u011finin hesab\u0131n\u0131 yaparak eve geri d\u00f6nmek [&hellip;]<\/p>\n","protected":false},"author":1,"featured_media":0,"parent":0,"menu_order":0,"comment_status":"open","ping_status":"open","template":"","meta":{"footnotes":""},"class_list":["post-471","page","type-page","status-publish","hentry"],"jetpack_sharing_enabled":true,"_links":{"self":[{"href":"https:\/\/yucelaydemir.com\/index.php?rest_route=\/wp\/v2\/pages\/471","targetHints":{"allow":["GET"]}}],"collection":[{"href":"https:\/\/yucelaydemir.com\/index.php?rest_route=\/wp\/v2\/pages"}],"about":[{"href":"https:\/\/yucelaydemir.com\/index.php?rest_route=\/wp\/v2\/types\/page"}],"author":[{"embeddable":true,"href":"https:\/\/yucelaydemir.com\/index.php?rest_route=\/wp\/v2\/users\/1"}],"replies":[{"embeddable":true,"href":"https:\/\/yucelaydemir.com\/index.php?rest_route=%2Fwp%2Fv2%2Fcomments&post=471"}],"version-history":[{"count":4,"href":"https:\/\/yucelaydemir.com\/index.php?rest_route=\/wp\/v2\/pages\/471\/revisions"}],"predecessor-version":[{"id":1967,"href":"https:\/\/yucelaydemir.com\/index.php?rest_route=\/wp\/v2\/pages\/471\/revisions\/1967"}],"wp:attachment":[{"href":"https:\/\/yucelaydemir.com\/index.php?rest_route=%2Fwp%2Fv2%2Fmedia&parent=471"}],"curies":[{"name":"wp","href":"https:\/\/api.w.org\/{rel}","templated":true}]}}