{"id":475,"date":"2011-12-27T13:05:34","date_gmt":"2011-12-27T12:05:34","guid":{"rendered":"http:\/\/yucelaydemir.de\/wp\/?page_id=475"},"modified":"2014-04-02T17:29:15","modified_gmt":"2014-04-02T15:29:15","slug":"2-baskiya-onsoz","status":"publish","type":"page","link":"https:\/\/yucelaydemir.com\/?page_id=475","title":{"rendered":"2. Bask\u0131ya \u00f6ns\u00f6z"},"content":{"rendered":"<p><!--:tr--><\/p>\n<p style=\"text-align: justify;\">2. Bask\u0131ya \u00f6n s\u00f6z<br \/>\nDe\u011ferli okurlar, kitab\u0131m\u0131z\u0131n birinci bask\u0131s\u0131n\u0131, 2008 kas\u0131m ay\u0131nda \u0130stanbul kitap<br \/>\nfuar\u0131nda ilk defa g\u00fcn \u0131\u015f\u0131\u011f\u0131na \u00e7\u0131karabildik. Kas\u0131m ay\u0131ndan bu yana gecen be\u015f ayl\u0131k bir zaman i\u00e7erisinde birinci bask\u0131 t\u00fckendi. Bize okurlar\u0131m\u0131z\u0131n bu yeni perspektife g\u00f6sterdikleri hassasiyet ve \u00f6nemi g\u00f6stermektedir. \u015eu ana kadar, ne okurlar\u0131m\u0131zdan ne de sa\u011fl\u0131k meslek guruplar\u0131ndan olumsuz bir ele\u015ftiri ald\u0131k.<br \/>\nOkurlar\u0131m\u0131zdan gelen olumlu yan\u0131tlar, hele ki Himalaya kristal tuzunu da<br \/>\nkullananlar\u0131n \u015fa\u015fk\u0131na d\u00fc\u015fm\u00fc\u015f \u00f6vg\u00fcleri, bizlere g\u00fc\u00e7 vermektedir. Okurlar\u0131m\u0131z\u0131n<br \/>\nbu konuda yazd\u0131klar\u0131n\u0131, daha sonra yay\u0131nlamay\u0131 d\u00fc\u015f\u00fcn\u00fcyoruz.<\/p>\n<p style=\"text-align: justify;\">Kimi dostlar\u0131m\u0131z \u00e7ocuklar hakk\u0131nda bir \u015fey yazmad\u0131\u011f\u0131m\u0131 s\u00f6ylediler. Oysa ki<br \/>\n\u00e7ocuklar i\u00e7in gerekli olan\u0131 yazd\u0131\u011f\u0131m\u0131 d\u00fc\u015f\u00fcn\u00fcyordum. Belki de al\u0131\u015f\u0131la gelmi\u015fin<br \/>\n\u00f6tesinde bir bi\u00e7imle yazd\u0131\u011f\u0131m i\u00e7in dikkatleri \u00e7ekmedi. Burada vurgulayal\u0131m.<br \/>\n\u00c7ocuklar\u0131n v\u00fccudu yeti\u015fkinlerden daha hassas ama \u00f6zellikle kendini yenileme<br \/>\nve problem \u00e7\u00f6zme konusunda, yeti\u015fkinlerden \u00e7ok daha yeteneklidir. Bu y\u00fczden<br \/>\nben \u00e7ocuklar\u0131n su ve tuzu nas\u0131l almalar\u0131 konusunda yeti\u015fkinlerle bir ayr\u0131ma<br \/>\ngitmedim. Onlar\u0131n v\u00fccudunun da, bizler gibi suya ve tuza ihtiya\u00e7lar\u0131 var.<br \/>\n\u00d6zellikle geli\u015fme \u00e7a\u011f\u0131nda yeterince su ve tuz almayan \u00e7ocuklar\u0131n geli\u015fimleri<br \/>\nolumsuz etkilenmektedir. Refah toplumlar\u0131nda hemen her iki \u00e7ocuktan biri a\u015f\u0131r\u0131 kiloya sahiptir. Sebep ise su i\u00e7memeleri, dolay\u0131s\u0131yla su yerine tatland\u0131r\u0131lm\u0131\u015f ba\u015fka i\u00e7ecekler i\u00e7meleridir. En b\u00fcy\u00fck yan\u0131lg\u0131 da, sanki \u00e7ocuklar\u0131m\u0131za bir g\u00fczellik yap\u0131yormu\u015fuz gibi, bu i\u00e7eceklerin daha fazla t\u00fcketilmesine yard\u0131mc\u0131 oluruz. Oysa \u015funu bilmemiz gerek. Ya\u015fayan canl\u0131lar i\u00e7in, suyun yerini hi\u00e7 bir \u015fey, ama hi\u00e7bir \u015fey tutamaz. Buna en basit \u00f6rnek \u015fudur. Hi\u00e7 kimse \u00e7i\u00e7eklerini coola ya da kahve ile sulamaz. Bunlar pahal\u0131 olduklar\u0131 i\u00e7in de\u011fil, ya\u015fayan \u00e7i\u00e7e\u011fe d\u00fc\u015fman oldu\u011fu i\u00e7in kullan\u0131lmaz. Her nedense su d\u0131\u015f\u0131ndaki bu end\u00fcstri i\u00e7eceklerinin \u00e7i\u00e7e\u011fe zarar verebilece\u011fini biliriz de, \u00e7i\u00e7ek gibi evlatlar\u0131m\u0131za zarar\u00a0 verebilece\u011fini hi\u00e7 d\u00fc\u015f\u00fcnmeyiz.<\/p>\n<p style=\"text-align: justify;\">V\u00fccudumuzun bir bilgeli\u011fi vard\u0131r. Bu bilgelik v\u00fccudumuzun ihtiya\u00e7lar\u0131d\u0131r.<br \/>\nB\u00fct\u00fcn canl\u0131lar v\u00fccutlar\u0131n\u0131n ihtiya\u00e7lar\u0131n\u0131 bilir, ve onun isteklerini anlarlar. O<br \/>\ny\u00fczden su i\u00e7meyen canl\u0131 yoktur. \u0130nsan da ise bu tam ters hale gelmi\u015ftir. \u0130nsan\u0131n<br \/>\nsosyal \u00f6\u011fretileri y\u00fcz\u00fcnden, art\u0131k ne kendi v\u00fccudunun isteklerini bilir, ne de bu<br \/>\nisteklere nas\u0131l yan\u0131t verece\u011fini bilir. \u00d6rne\u011fin migren v\u00fccudun su ihtiyac\u0131n\u0131n<br \/>\nbir sinyalidir. V\u00fccut burada su ister. Buradaki sosyal \u00f6\u011fretiler ise birincisi,g\u00fcnde 2,5 litre s\u0131v\u0131 i\u00e7en, yeterince su i\u00e7ti\u011fine inan\u0131r. \u00c7\u00fcnk\u00fc toplum bu bilgi ile y\u00f6nlendirilir. \u0130kincisi ise, migrenin ad\u0131na hastal\u0131k denilmektedir. \u0130nsan bunun bir su k\u0131tl\u0131\u011f\u0131ndan oldu\u011funu art\u0131k ak\u0131l edemez. \u0130\u015fte bu yan\u0131lg\u0131lar, v\u00fccudumuzun istekleri ile, bizim onu alg\u0131lamam\u0131z aras\u0131ndaki u\u00e7urumun, her ge\u00e7en g\u00fcn b\u00fcy\u00fcmesine sebep olmaktad\u0131r.<\/p>\n<p style=\"text-align: justify;\">Sadece a\u015f\u0131r\u0131 kilolar ya da dengesiz geli\u015fmeler de\u011fil, ayn\u0131 zamanda \u00f6zellikle<br \/>\nkanserin ve ast\u0131m\u0131n \u00e7ocuklarda ak\u0131llara durgunluk veren boyutlarda artmas\u0131n\u0131n<br \/>\ntek sebebi, su i\u00e7memeleridir. \u00d6rne\u011fin ast\u0131m\u0131 olan bir \u00e7ocu\u011fu ya da genci tedavi<br \/>\nettirmeden \u00f6nce, yeterince su i\u00e7mesini sa\u011flay\u0131n, do\u011fru ve yeterli do\u011fal tuz<br \/>\nyedirin, en ideali tuzlu su k\u00fcr\u00fc yapt\u0131r\u0131n, aylar \u00e7ekmeden iki hafta gibi \u00e7ok k\u0131sa<br \/>\nbir zaman i\u00e7inde iyile\u015fmesine tan\u0131k olursunuz.<\/p>\n<p style=\"text-align: justify;\">Bug\u00fcn \u00e7ocuklarda yo\u011funla\u015fma bozukluklar\u0131 sanki bir moda haline gelmi\u015ftir.<br \/>\nSadece bizde de\u011fil b\u00fct\u00fcn d\u00fcnyada bu b\u00f6yle. Bir \u015feye yo\u011funla\u015fmak i\u00e7in, \u00f6nce<br \/>\ngerekli olan enerjiyi bulman\u0131z gerekir. \u00c7ocuklar\u0131m\u0131z, gen\u00e7lerimiz v\u00fccutlar\u0131n\u0131<br \/>\nsadece beynin g\u00fcc\u00fcyle pe\u015flerinde s\u00fcr\u00fcklemektedirler. V\u00fccutlar\u0131n\u0131n bir<br \/>\ng\u00fc\u00e7leri yoktur ki yo\u011funla\u015fabilsinler. Bu y\u00fczden \u00e7ocuklar\u0131m\u0131z\u0131n okullar\u0131nda,<br \/>\n\u00fcniversitelerinde ba\u015far\u0131l\u0131 olmas\u0131n\u0131 istiyorsak, su i\u00e7mesini \u00f6\u011fretmemiz gerekir.<br \/>\nGen\u00e7ler i\u00e7in s\u00f6yleyebilecek en g\u00fczel s\u00f6z\u00fcm\u00fcz \u015fudur: \u201eSu i\u00e7in a\u015fka d\u00fc\u015f\u00fcn\u201c. Bu<br \/>\nsadece bir parola de\u011fil ayn\u0131 zamanda bilimsel bir ger\u00e7ekliktir. \u00c7\u00fcnk\u00fc a\u015fk ya\u015fama enerjisi ister, sevgi, g\u00fc\u00e7 ister. Siz \u015fimdi v\u00fccudunuzu bile ta\u015f\u0131yabilece\u011finiz bir g\u00fcc\u00fcn\u00fcz yoksa, a\u015fka d\u00fc\u015fmeye, ba\u015fkalar\u0131n\u0131 sevmeye hi\u00e7 de g\u00fcc\u00fcn\u00fcz olmaz. \u0130\u015fte bu y\u00fczden su i\u00e7in a\u015fka d\u00fc\u015f\u00fcn, kansere de\u011fil.<br \/>\nBize yap\u0131lan ikinci ele\u015ftiri ise, TIP\u2019 b\u0131 neden bu kadar ele\u015ftirdi\u011fimizdir. De\u011ferli<br \/>\nokurlar, bizim amac\u0131m\u0131z hi\u00e7bir zaman birilerini karalamak ya da k\u00f6t\u00fclemek<br \/>\nde\u011fildir. Hele ki sistem i\u00e7erisinde, bu sistemin \u00e7\u0131kmaz\u0131ndan en \u00e7ok zarar g\u00f6ren<br \/>\nve bu \u00e7\u0131kmazdan kurtulmaya \u00e7al\u0131\u015fan insanlar\u0131 karalamak gibi bir d\u00fc\u015f\u00fcncemiz<br \/>\nkesinlikle yoktur. Ancak bildi\u011fimiz bir do\u011fru var. O da \u015fu: Dil bilgeliktir. Biz<br \/>\nancak dilin bilgeli\u011finden, dilin o g\u00fczel se\u00e7icili\u011finden yararlanarak olaylar\u0131 ve<br \/>\nnesneleri birbirinden ay\u0131rt edebilmekteyiz. Biz bir nesneye ta\u015f dedi\u011fimiz zaman, ayn\u0131 zamanda da \u015funu biliriz ki ta\u015f\u0131 att\u0131\u011f\u0131m\u0131z zaman ba\u015f yarar. E\u011fer biz birine ta\u015f\u0131 atarsak, ba\u015f yarmamas\u0131n\u0131 da \u00fcmit edemeyiz.<\/p>\n<p style=\"text-align: justify;\">Dil bir bilgelik oldu\u011fu gibi, ayn\u0131 zamanda, tarafs\u0131z de\u011fildir. Her ne kadar<br \/>\nkimileri bilimin tarafs\u0131z oldu\u011funu idda etsede, dili her ne \u015fekilde olursa olsun<br \/>\nkullannan hi\u00e7bir bilim tarafs\u0131z olamaz. Bu dilin do\u011fas\u0131 gere\u011fidir. E\u011fer \u201ebu<br \/>\nbardak k\u0131r\u0131k\u201d dedi\u011finiz zaman, art\u0131k o bardakla su i\u00e7emezsiniz. Ne kadar da<br \/>\niyi niyetli olursan\u0131z olun, bu s\u00f6z sizi yeni bir davran\u0131\u015f bi\u00e7imine zorlar. \u00c7\u00fcnk\u00fc<br \/>\n\u201ebu bardak k\u0131r\u0131k\u201c s\u00f6z\u00fcn\u00fcn mant\u0131ksal uzant\u0131s\u0131, \u201ebu bardakla su i\u00e7ilmez\u201cdir. Hem<br \/>\nbardak k\u0131r\u0131k deyip, hem de bardakla su i\u00e7meye \u00e7al\u0131\u015f\u0131rsan\u0131z, bir yerlerde bir<br \/>\nyanl\u0131\u015fl\u0131k yap\u0131yorsunuz demektir. E\u011fer k\u0131r\u0131k bir bardaktan su i\u00e7iyorsan\u0131z bunun<br \/>\niki sebebi vard\u0131r, ya barda\u011f\u0131n k\u0131r\u0131k oldu\u011funu bilmiyorsunuz, ya da ba\u015fka bir<br \/>\nalternatifiniz yok demektir. E\u011fer siz barda\u011f\u0131n k\u0131r\u0131k oldu\u011funu biliyorsan\u0131z ve<br \/>\nbirinin o bardaktan su i\u00e7mesini engellemek istiyorsan\u0131z \u00fc\u00e7 olana\u011f\u0131n\u0131z vard\u0131r.<br \/>\n1. Ya barda\u011f\u0131n k\u0131r\u0131k oldu\u011funu s\u00f6ylemek zorundas\u0131n\u0131z, ki\u015fi ona g\u00f6re kendi<br \/>\ndavran\u0131\u015f bi\u00e7imini kendi se\u00e7er.<br \/>\n2. Ya barda\u011f\u0131 onarmak zorundas\u0131n\u0131z<br \/>\n3. Ya da insanlar\u0131n o bardaktan su i\u00e7mesini yasaklamak zorundas\u0131n\u0131z.<br \/>\nBizim geleneksel TIP kar\u015f\u0131s\u0131ndaki durumumuz bundan farks\u0131z de\u011fildir.<\/p>\n<p style=\"text-align: justify;\">Birincisi insanlar\u0131n kendilerine sunulan sa\u011fl\u0131k hizmetlerini kullanmalar\u0131n\u0131 yasaklamaya ne g\u00fcc\u00fcm\u00fcz yeter, ne de g\u00fcc\u00fc yetenlerin b\u00f6yle bir \u015feyi yapmaya hakk\u0131 vard\u0131r.<br \/>\n\u0130kinci olarak bu k\u0131r\u0131k barda\u011f\u0131 tamir etmeye bizim g\u00fcc\u00fcm\u00fcz yetmez. Dolay\u0131s\u0131yla<br \/>\nbize tek yol d\u00fc\u015f\u00fcyor. O da barda\u011f\u0131n k\u0131r\u0131k oldu\u011funu ispatlamak. O zaman ki\u015filerin bu k\u0131r\u0131k barda\u011f\u0131 g\u00f6r\u00fcp anlad\u0131klar\u0131 zaman, nas\u0131l davranacaklar\u0131na, en demokratik bi\u00e7imde kendileri karar verir. Yaln\u0131z bize d\u00fc\u015fen bu barda\u011f\u0131n ger\u00e7ekten k\u0131r\u0131k olup olmad\u0131\u011f\u0131n\u0131 ispatlamakt\u0131r. Barda\u011f\u0131n k\u0131r\u0131k oldu\u011funu ispatland\u0131\u011f\u0131 zaman, tabii ki birilerinin ya\u015famsal \u00e7\u0131kar\u0131 korunurken, baz\u0131lar\u0131n\u0131n da ekonomik \u00e7\u0131karlar\u0131na ters d\u00fc\u015fmekteyiz.<\/p>\n<p style=\"text-align: justify;\">\u0130\u015fte bu y\u00fczden diyoruz ki, dil bir bilgeliktir ama tarafs\u0131z de\u011fildir. Bizim amac\u0131m\u0131z burada kimsenin barda\u011f\u0131n\u0131 k\u00f6t\u00fclemek de\u011fil, sadece toplumlar\u0131n sa\u011fl\u0131\u011f\u0131n\u0131n bozulmas\u0131n\u0131n ad\u0131n\u0131 koymakt\u0131r. Biz hastal\u0131klardan de\u011fil v\u00fccuttaki su kurumas\u0131ndan ve tuz k\u0131tl\u0131\u011f\u0131ndan bahsettik.Dedik ki asl\u0131nda hastal\u0131k yoktur, sadece v\u00fccutta su kurumas\u0131 ve tuz k\u0131tl\u0131\u011f\u0131 vard\u0131r. Buna ba\u011fl\u0131 olarak bunun v\u00fccut taraf\u0131ndan bize bildirilmesi vard\u0131r. Bu tamamen yeni bir d\u00fc\u015f\u00fcnce bi\u00e7imidir. Bize kronik olarak belletilen hastal\u0131klar\u0131n bug\u00fcnk\u00fc bilim taraf\u0131ndan ne sebebi bilinir, ne de \u00e7\u00f6z\u00fcm\u00fc vard\u0131r. Asl\u0131nda v\u00fccudumuzun \u00f6l\u00fcm\u00fcn alternatifi olarak buldu\u011fu \u00e7\u00f6z\u00fcmlerdir bunlar. Geli\u015fmi\u015f canl\u0131lar, ya\u015fam i\u00e7in gerekli maddeleri bulamay\u0131nca, \u00f6mr\u00fcn\u00fc uzatmak i\u00e7in TIP\u2019 b\u0131n hastal\u0131k diye niteledikleri \u00e7\u00f6z\u00fcmleri bulmu\u015ftur. \u00d6rne\u011fin Romatizma a\u011fr\u0131lar\u0131, uzun s\u00fcre su k\u0131tl\u0131\u011f\u0131 i\u00e7erisinde ya\u015fayan v\u00fccudun, d\u0131\u015far\u0131 atamad\u0131\u011f\u0131 \u00dcrik asiti, kemiklerin \u00fczerine<br \/>\nyaymas\u0131ndan olu\u015fmaktad\u0131r. V\u00fccudun asitlenmeden kurtulmak i\u00e7in buldu\u011fu<br \/>\nak\u0131ll\u0131 bir \u00e7\u00f6z\u00fcmd\u00fcr. E\u011fer v\u00fccut b\u00f6yle bir \u00e7\u00f6z\u00fcm\u00fc becerememi\u015f olsayd\u0131, \u00f6l\u00fcm<br \/>\ndaha erken gelecekti. Bu \u00f6rnekleri hemen b\u00fct\u00fcn hastal\u0131klar i\u00e7in \u00e7o\u011faltabiliriz.<br \/>\nBu hayvanlar\u0131n so\u011fuk artt\u0131k\u00e7a t\u00fcylerini \u00e7o\u011faltmas\u0131na benzer. So\u011fuktan<br \/>\nkorunmak i\u00e7in hayvanlar\u0131n t\u00fcylerini \u00e7o\u011faltmas\u0131n\u0131, hormon bozuklu\u011fu olarak<br \/>\nadland\u0131r\u0131rsak, bu hayvanlar\u0131 hastahaneye yat\u0131r\u0131p t\u00fcylerini yolmam\u0131z gerekir.<br \/>\n\u015eimdi siz geli\u015fmi\u015f canl\u0131lar\u0131n k\u0131tl\u0131k d\u00f6nemleri i\u00e7in geli\u015ftirdi\u011fi bu \u00e7\u00f6z\u00fcmlere bir<br \/>\nhastal\u0131km\u0131\u015f gibi bakarsan\u0131z, bir yeteneksizlikmi\u015f gibi g\u00f6r\u00fcrseniz ve canl\u0131n\u0131n bu<br \/>\nyetene\u011fini bask\u0131 alt\u0131na al\u0131rsan\u0131z, tabii ki ba\u015far\u0131l\u0131 olamazs\u0131n\u0131z. \u0130\u015fte bu y\u00fczden<br \/>\nb\u00fct\u00fcn d\u00fcnyadaki hastal\u0131k \u00fczerine kurulu sa\u011fl\u0131k sistemleri yanl\u0131\u015f yoldad\u0131r. Bunu<br \/>\ns\u00f6ylemeden, ad\u0131n\u0131 koymadan da do\u011fru bir yolu, bilge bir yolu se\u00e7memizin<br \/>\nolana\u011f\u0131 yoktur.<br \/>\nBiz sa\u011fl\u0131k sistemlerinin \u00e7\u0131kmaz\u0131n\u0131 s\u00f6ylerken, bu konuda yaln\u0131z de\u011filiz! Bizim<br \/>\nen b\u00fcy\u00fck ispat\u0131m\u0131z sistemin kendisidir. D\u00fcnyada ve de \u00fclkemizde b\u00fcy\u00fcyen \u00f6zel<br \/>\nsa\u011fl\u0131k sekt\u00f6r\u00fcn\u00fcn kendisidir. E\u011fer sa\u011fl\u0131k sistemleri sa\u011fl\u0131\u011f\u0131m\u0131za \u00e7\u00f6z\u00fcm \u00fcretmi\u015f<br \/>\nolsalard\u0131, bunun en mant\u0131kl\u0131 sonucu, sa\u011fl\u0131k sistemleri fiziksel ve ekonomik<br \/>\nolarak k\u00fc\u00e7\u00fclmeleri gerekirdi. Oysa biz g\u00f6r\u00fcyoruz ki, her yerde mantar gibi yeni<br \/>\nhasta haneler, yeni diyaliz merkezleri, \u00e7o\u011falmaktad\u0131r. Bu sa\u011fl\u0131k sistemlerinin<br \/>\n\u00e7\u00f6z\u00fcmden \u00e7ok \u00e7\u00f6z\u00fcms\u00fczl\u00fck \u00fcrettiklerinin en b\u00fcy\u00fck ispat\u0131d\u0131r. \u00c7\u00f6z\u00fcm \u00fcretmi\u015f<br \/>\nolsalard\u0131, sistemin her ge\u00e7en g\u00fcn k\u00fc\u00e7\u00fclmesi gerekirdi. Sa\u011fl\u0131k sistemlerinin<br \/>\ndevasa boyutlara ula\u015ft\u0131\u011f\u0131n\u0131 siz benden daha iyi biliyorsunuz.<br \/>\nBurada sa\u011fl\u0131k sistemlerinin \u00e7\u00f6z\u00fcms\u00fczl\u00fcklerinin en basit, en kolay ve en anla\u015f\u0131l\u0131r alternatif \u00e7\u00f6z\u00fcm\u00fc su ve do\u011fal tuz oldu\u011funu s\u00f6ylerken de yaln\u0131z de\u011filiz. Biz suyun ve tuzun insan ya\u015fam\u0131 ve sa\u011fl\u0131\u011f\u0131 i\u00e7in \u00f6nemini doktor olarak de\u011fil, hasta olarak fark ettik. Sonra e\u015fimize dostumuza ula\u015ft\u0131rd\u0131k bu bilgileri. Buradan ald\u0131\u011f\u0131m\u0131z inan\u0131lmaz sonu\u00e7lar bizi y\u00fcreklendirdi\u011fi i\u00e7in, bu kitab\u0131 sizlere ula\u015ft\u0131rd\u0131k. \u015eimdi ise, \u00f6zellikle kitab\u0131m\u0131z\u0131 okuyan ve tuzlu su k\u00fcr\u00fc yapan insanlardan bize d\u00f6nen olumlu yan\u0131tlar bizleri \u015fa\u015fk\u0131na \u00e7evirmektedir. Tansiyonunu \u00fc\u00e7 g\u00fcnde a\u015fa\u011f\u0131 \u00e7eken, y\u00fcr\u00fcyemez halde iken tekrar ayaklanan, ast\u0131m\u0131na, migrenine, \u015fekerine, romatizma a\u011fr\u0131lar\u0131na \u00e7\u00f6z\u00fcm olan insanlar\u0131n say\u0131s\u0131, gittik\u00e7e \u00e7o\u011falmaktad\u0131r. Hatta bunlar\u0131n \u00e7o\u011fu, i\u00e7ine d\u00fc\u015ft\u00fckleri \u015fa\u015fk\u0131nl\u0131klar\u0131 gizleyemeyerek bizim gelece\u011fimizden endi\u015fe etmektedirler. Bize s\u00f6yledikleri \u015fudur. \u201eY\u00fccel Bey kendinize dikkat edin, kendinizi koruyun size ihtiyac\u0131m\u0131z var\u201c. Okurlar\u0131m kayg\u0131lar\u0131nda haks\u0131z de\u011filler. Ancak biz bu d\u00fcnyaya ya\u015famaya geldik, saklanmaya de\u011fil.<\/p>\n<p style=\"text-align: justify;\">Daha \u00f6nce bu sat\u0131rlar\u0131 yazm\u0131\u015f olsayd\u0131k belkide anla\u015f\u0131lmas\u0131 zor olurdu.<br \/>\nAma bug\u00fcn anla\u015f\u0131labilece\u011fini san\u0131yorum. Bu g\u00fcnk\u00fc ekonomik krizin en<br \/>\nb\u00fcy\u00fck sebeplerinden biri sa\u011fl\u0131k sistemlerinin, sadece \u00fclkemizde de\u011fil b\u00fct\u00fcn<br \/>\nd\u00fcnyada, t\u0131kanmas\u0131 ve \u00e7\u00f6z\u00fcm \u00fcretememeleridir. Bu t\u0131kanma, bu \u00e7\u00f6z\u00fcms\u00fczl\u00fck,<br \/>\nsa\u011fl\u0131k sistemlerinin kendi a\u00e7\u0131s\u0131ndan de\u011fildir. T\u0131kanma\u00a0 toplumsal a\u00e7\u0131dand\u0131r.<br \/>\n\u00c7\u00fcnk\u00fc sistem kendi i\u00e7inde olduk\u00e7a m\u00fckemmel ve her ge\u00e7en g\u00fcn \u00e7o\u011falarak<br \/>\nb\u00fcy\u00fcmektedir. Bu sistemin ekonomik ihtiyac\u0131d\u0131r, bizim de\u011fil. Ancak sa\u011fl\u0131k<br \/>\nsistemlerinin \u00fcretti\u011fi \u00e7\u00f6z\u00fcms\u00fczl\u00fck, hem toplumsal a\u00e7\u0131dan, hem ulusal ekonomi<br \/>\nve hem de d\u00fcnya ekonomisi a\u00e7\u0131s\u0131ndan bir \u00e7\u0131kmazd\u0131r. Neden?<br \/>\nBirincisi sa\u011fl\u0131k sistemleri hasta topluma sa\u011fl\u0131k \u00fcretemedikleri i\u00e7in, toplumda<br \/>\nkorkun\u00e7 bir i\u015f g\u00fcc\u00fc kayb\u0131 olmaktad\u0131r. Bu i\u015f g\u00fcc\u00fc sadece \u00fcretimde de\u011fil ayn\u0131<br \/>\nzamanda e\u011fitimden ibadete, kadar b\u00fct\u00fcn alanlar\u0131 kapsamaktad\u0131r.<\/p>\n<p style=\"text-align: justify;\">K\u00fc\u00e7\u00fck bir \u00f6rnek verelim. Bug\u00fcn T\u00fcrkiye\u2019de yakla\u015f\u0131k yirmi milyon insan\u0131n y\u00fcksek tansiyonu oldu\u011fu s\u00f6ylenmektedir. Bu insanlar\u0131n b\u00fcy\u00fck bir \u00e7o\u011funlu\u011fu, okullardan, camilerden, fabrikalara kadar, toplumdaki en \u00fcretken alanlarda \u00e7al\u0131\u015fmaktad\u0131rlar. B\u00f6yle bir sa\u011fl\u0131k sorunu ile insanlar\u0131n \u00fcretkenliklerini y\u00fczde y\u00fcz kullanmalar\u0131 m\u00fcmk\u00fcn de\u011fildir. Ekonomi bu korkun\u00e7 i\u015f kayb\u0131n\u0131, hem de ekonomik de\u011ferini \u00f6dedi\u011fi halde kaybetmektedir. Ekonomik de\u011feri \u00f6denen bu i\u015f g\u00fcc\u00fcnden al\u0131nmas\u0131 gereken emek \u00fcretkenli\u011fine ula\u015f\u0131lamaz. \u00c7\u00fcnk\u00fc insan her \u015feyden \u00f6nce kendi can derdindedir.<br \/>\nBu asl\u0131nda ekonomide g\u00f6r\u00fcnmeyen bir sava\u015f gibidir. Bir a\u011fa\u00e7ta kurt ne<br \/>\nise, bir toplumda kitlelerin sa\u011fl\u0131\u011f\u0131n\u0131n bozulmas\u0131 da, ekonomi i\u00e7in ayn\u0131d\u0131r.<br \/>\nA\u011fac\u0131n kurdu a\u011fac\u0131 yava\u015f ve sessizce \u00e7\u00f6kertir. \u0130kinci sorun, toplumun bu<br \/>\n\u00e7\u00f6z\u00fcms\u00fczl\u00fc\u011fe transfer etti\u011fi ekonomik de\u011ferdir. \u0130lkel kabileler hari\u00e7, hemen her toplumda sa\u011fl\u0131k sekt\u00f6r\u00fcne aktar\u0131lan paralar korkun\u00e7 bir \u015fekilde \u00e7o\u011falmaktad\u0131r. Ekonominin di\u011fer sekt\u00f6rlerinde kullan\u0131lmas\u0131 gereken ekonomik de\u011ferler, \u00fcstelik de \u00e7\u00f6z\u00fcms\u00fczl\u00fck olan sa\u011fl\u0131k sekt\u00f6r\u00fcne akar. Bu nedenle ekonominin b\u00fcy\u00fcmesine engel olur. \u00d6rne\u011fin Amerika\u2019da sadece kanser ila\u00e7lar\u0131 i\u00e7in \u00f6denen paralar\u0131n, sa\u011fl\u0131k b\u00fct\u00e7esinin %20\u2019sini olu\u015fturdu\u011fu s\u00f6ylenmektedir.<\/p>\n<p style=\"text-align: justify;\">\u00dc\u00e7\u00fcnc\u00fc sorun ise, sa\u011fl\u0131k sistemine aktar\u0131lan ekonomik de\u011ferlerin b\u00fcy\u00fck bir k\u0131sm\u0131 ekonomiye geri d\u00f6nmemesidir. De\u011ferli okurlar, ikinci kitab\u0131m\u0131z\u0131 tamamen kanser \u00fczerine ay\u0131rd\u0131k. Bu kitapta b\u00fct\u00fcn kanser teorilerini, kanser \u00fczerine yap\u0131lm\u0131\u015f yeni tespitleri, kanser te\u015fhis metotlar\u0131n\u0131, \u015fu anda en \u00e7ok uygulanan kanser tedavilerini ve risklerini ara\u015ft\u0131raca\u011f\u0131z. Ama en \u00e7ok da \u015funu i\u015fleyece\u011fiz; kanser bir hastal\u0131k de\u011fildir, kanserden \u00f6lmek zorunda de\u011filiz, yeter ki yeterli su i\u00e7elim. Burada sadece \u00f6n bir bilgi olsun diye iki tespitimi sizlerle payla\u015fmak istiyorum.<\/p>\n<p style=\"text-align: justify;\">Birincisi; Her organ\u0131n kanseri var ama Kalbin kanseri yok. TIP\u2019 ba g\u00f6re teorik olarak var ama pratikte hi\u00e7 g\u00f6r\u00fclmemi\u015f. En az\u0131ndan kay\u0131tlara ge\u00e7en bir Kalp kanseri yok, neden? \u0130kincisi beyin kanseri. Bug\u00fcnk\u00fc kanser tedavilerinin dayand\u0131\u011f\u0131 bir teori var. O teoriye g\u00f6re kanserojen bir madde herhangi bir h\u00fccrenin geneti\u011fini bozar ve o h\u00fccre \u00e7o\u011falarak t\u00fcm\u00f6r olu\u015fturur, o t\u00fcm\u00f6r de insan\u0131 \u00f6ld\u00fcr\u00fcr. Oysa Beyin \u2013 Kan \u2013 Bariyeri diye bilinen bir bariyer var. Bu bariyer beyne girip \u00e7\u0131kan maddeleri kontrol etmektedir. Sadece oksijen, su ve tuz iyonlar\u0131ndan ba\u015fka hi\u00e7 bir maddenin beyine girmesine izin verilmemektedir. Peki o zaman beyin t\u00fcm\u00f6rlerinin olu\u015fmas\u0131na sebep olan kanserojen madde beyine ula\u015famad\u0131\u011f\u0131na g\u00f6re, beyin t\u00fcm\u00f6rlerine sebep olan nedir?<\/p>\n<p style=\"text-align: justify;\">23.Mart 2009<br \/>\nY\u00fccel Aydemir<\/p>\n<p><!--:--><\/p>\n","protected":false},"excerpt":{"rendered":"<p>2. Bask\u0131ya \u00f6n s\u00f6z De\u011ferli okurlar, kitab\u0131m\u0131z\u0131n birinci bask\u0131s\u0131n\u0131, 2008 kas\u0131m ay\u0131nda \u0130stanbul kitap fuar\u0131nda ilk defa g\u00fcn \u0131\u015f\u0131\u011f\u0131na \u00e7\u0131karabildik. Kas\u0131m ay\u0131ndan bu yana gecen be\u015f ayl\u0131k bir zaman i\u00e7erisinde birinci bask\u0131 t\u00fckendi. Bize okurlar\u0131m\u0131z\u0131n bu yeni perspektife g\u00f6sterdikleri hassasiyet ve \u00f6nemi g\u00f6stermektedir. \u015eu ana kadar, ne okurlar\u0131m\u0131zdan ne de sa\u011fl\u0131k meslek guruplar\u0131ndan olumsuz bir [&hellip;]<\/p>\n","protected":false},"author":1,"featured_media":0,"parent":0,"menu_order":0,"comment_status":"open","ping_status":"open","template":"","meta":{"footnotes":""},"class_list":["post-475","page","type-page","status-publish","hentry"],"jetpack_sharing_enabled":true,"_links":{"self":[{"href":"https:\/\/yucelaydemir.com\/index.php?rest_route=\/wp\/v2\/pages\/475","targetHints":{"allow":["GET"]}}],"collection":[{"href":"https:\/\/yucelaydemir.com\/index.php?rest_route=\/wp\/v2\/pages"}],"about":[{"href":"https:\/\/yucelaydemir.com\/index.php?rest_route=\/wp\/v2\/types\/page"}],"author":[{"embeddable":true,"href":"https:\/\/yucelaydemir.com\/index.php?rest_route=\/wp\/v2\/users\/1"}],"replies":[{"embeddable":true,"href":"https:\/\/yucelaydemir.com\/index.php?rest_route=%2Fwp%2Fv2%2Fcomments&post=475"}],"version-history":[{"count":5,"href":"https:\/\/yucelaydemir.com\/index.php?rest_route=\/wp\/v2\/pages\/475\/revisions"}],"predecessor-version":[{"id":1969,"href":"https:\/\/yucelaydemir.com\/index.php?rest_route=\/wp\/v2\/pages\/475\/revisions\/1969"}],"wp:attachment":[{"href":"https:\/\/yucelaydemir.com\/index.php?rest_route=%2Fwp%2Fv2%2Fmedia&parent=475"}],"curies":[{"name":"wp","href":"https:\/\/api.w.org\/{rel}","templated":true}]}}